{"id":7298,"date":"2018-04-10T07:00:00","date_gmt":"2018-04-10T07:00:00","guid":{"rendered":"https:\/\/hansaviertel.berlin\/?page_id=7298"},"modified":"2026-01-26T10:28:41","modified_gmt":"2026-01-26T10:28:41","slug":"quellen-zum-hansaviertel","status":"publish","type":"page","link":"https:\/\/hansaviertel.berlin\/en\/aktuelles\/quellen-zum-hansaviertel\/","title":{"rendered":"Sources of the Hansaviertel"},"content":{"rendered":"<p>(under construction)<\/p>\n<h4>Literature<\/h4>\n<ul>\n<li>Ausstellung Wohnlabor Hansaviertel. 50 Jahre Leben in der Stadt von Morgen. Berlin: Amberpress 2007<\/li>\n<li>Bernau, Nikolaus: Akademie der K\u00fcnste Hanseatenweg 10. With photos by Florian Bolk. Die neuen Architekturf\u00fchrer. Bd. 106. Berlin: Stadtwandel-Verlag 2007<\/li>\n<li>Das Hansaviertel in Berlin. 1957\u20131993. Konzepte, Bedeutung, Probleme. Bezirksamt Tiergarten v. Berlin. Abt. Bau- u. Wohnungswesen, Naturschutz- u. Gr\u00fcnfl\u00e4chenamt (ed.) in collaboration with Senatsverwaltung f\u00fcr Stadtentwicklung und Umweltschutz, Fachabteilung Bau- u. Gartendenkmalpflege. Red.: Nerger, Ute\/Dolff-Bonek\u00e4mper, Gabi\/Lingenauber, Klaus. Berlin: Verwaltungsdruckerei 1995<\/li>\n<li>Das Hansaviertel in Berlin. Bedeutung, Rezeption, Sanierung: Landesdenkmalamt Berlin (ed.). Mit e. Einf. von J\u00f6rg Haspel, mit e. Schlusswort v. Gabi Dolff-Bonek\u00e4mper, mit Beitr. v. Nicole Arndt. Beitr\u00e4ge zur Denkmalpflege in Berlin. Bd. 26. Petersberg: Imhoff 2007<\/li>\n<li>Das Hansaviertel in Berlin und die Potentiale der Moderne : Wissenschaft und Zeitzeugen im Gespr\u00e4ch. Dokumentation des Symposiums \u201cPotentiale des Architektonischen Erbes der Moderne \u2013 Beispiel Interbau Berlin 1957\u201d on 28 and 29 September 2007 at the Akademie der K\u00fcnste, Berlin. Wagner-Conzelmann, Sandra (ed.) commissioned by the Akademie der K\u00fcnste Berlin. Berlin: Akademie der K\u00fcnste 2008<\/li>\n<li>German Commission for UNESCO, Luxembourg Commission for UNESCO, Austrian Commission for UNESCO, Swiss Commission for UNESCO: Welterbe-Manual, Handbuch zur Umsetzung der Welterbekonvention in Deutschland, Luxemburg, \u00d6sterreich und der Schweiz, Bonn 2009<\/li>\n<li>Die Stadt von morgen. Cologne: K\u00f6nig 2008<\/li>\n<li><span lang=\"EN-US\">Dolff Bonek\u00e4mper, Gabi and Schmidt, Franziska: Das Hansaviertel. Internationale Nachkriegsmoderne in Berlin. Verlag Bauwesen, Berlin 1999, ISBN 3-3450-0639-1<\/span><\/li>\n<li><span lang=\"EN-US\">Engel, Helmut and Ribbe, Wolfgang: Karl-Marx-Allee \u2013 Magistrale in Berlin, Berlin 1996<\/span><\/li>\n<li>Eternithaus im Hansaviertel Berlin. Text: J\u00fcrgen Tietz. Die neuen Architekturf\u00fchrer. Bd. 52. Berlin: Stadtwandel-Verlag 2004<\/li>\n<li>Gesetz und Freiheit. Der Architekt Friedrich Wilhelm Kraemer (1907\u20131990). Wilhelm, Karin\/Gisbertz, Olaf\/Jessen.Klinkenberg, Detlef\/Schmedding, Anne (ed.). Berlin: Jovis 2007<\/li>\n<li><span lang=\"EN-US\">Geist, K\u00fcvers: Das Berliner Mietshaus, Vol. 3: 1945\u20131989, a documentary history of the exhibition \u201cBerlin plant\/erster Bericht\u201d 1946. Munich 1989<\/span><\/li>\n<li>Hansaviertel &amp; Documenta urbana. Hansaviertel \u2013 fr\u00fche und sp\u00e4te Wirkungen. Symposium am 22. September 2007 in Berlin. Architektursalon Kassel (ed.). Red.: St\u00f6be, Sylvia\/Krauss, Michael. Architektursalon Kassel. H. 5. Kassel: Architektursalon 2008<\/li>\n<li>Hillmann, Roman: Die erste Nachkriegsmoderne. Petersberg: 2011<\/li>\n<li><span lang=\"EN-US\">Hillmann, Roman: Die erste Nachkriegsmoderne. Imhoff, Petersberg 2011<\/span><\/li>\n<li>Interbau Berlin 57. 6. Juli bis 29. September. Amtlicher Katalog der internationalen Bauausstellung 1957 mit e. Einf\u00fchrung v. Theodor Heuss. Red.: Weitz, Ewald\/Friedenberg, J\u00fcrgen. Berlin: Commerzia-Verlag 1957<\/li>\n<li><span lang=\"EN-US\">Janiszewski, Bertram: Das alte Hansa-Viertel in Berlin. Gestalt und Menschen. Haude and Spener, Berlin 2000, ISBN 3-7759-0460-3<\/span><\/li>\n<li>Janiszewski, Bertram: Das alte Hansa-Viertel in Berlin. Gestalt und Menschen. Berlin: Pro Business 2014<\/li>\n<li>Kunth: Das Erbe der Welt. Die Kultur- und Naturmonumente der Erde nach der Konvention der UNESCO. Revised edition Munic: Kunth 2016<\/li>\n<li>Karl-Marx-Allee und Interbau 1957. Konfrontation, Konkurrenz und Koevolution der Moderne in Berlin. Haspel, J\u00f6rg\/Flierl, Thomas (ed.). Berlin: Hendrik B\u00e4\u00dfler Verlag 2017<\/li>\n<li>Landesdenkmalamt Berlin (ed.): Das Hansaviertel in Berlin. Bedeutung, Rezeption, Sanierung. Imhoff, Petersberg 2007, ISBN 978-3-86568-287-1 (Beitr\u00e4ge zur Denkmalpflege in Berlin. Vol. 26)<\/li>\n<li>Landesdenkmalamt Berlin (ed.): Denkmale in Berlin, Bezirk Mitte, Ortsteile Moabit, Hansaviertel und Tiergarten, Tomisch, Donath, Kaltenbach, von Krosigk, Neumayer, Schulz. Imhoff, Petersberg 2005<\/li>\n<li>Nachkriegsmoderne in Berlin. Berlin: Verlag Bauwesen 1999<\/li>\n<li>Nachkriegsmoderne in West-Berlin. Sechs neue Architekturf\u00fchrer. 2nd edition. Berlin: Stadtwandel-Verlag 2011<\/li>\n<li><span lang=\"EN-US\">Peter, Frank-Manuel: Das Berliner Hansaviertel und die Interbau 1957. Sutton, Erfurt 2007, ISBN 978-3-86680-151-6<\/span><\/li>\n<li>Oscar Niemeyer in Berlin. Berlin: Edition Eichhorn 2013<\/li>\n<li><span lang=\"EN-US\">Queisser, Ylva and Tirri, Lidia: Leben hinter der Zuckerb\u00e4ckerfassade, Erstbewohner der Karl-Marx-Allee erz\u00e4hlen. form + zweck, Berlin 2004<\/span><\/li>\n<li><span lang=\"EN-US\">Rossow, Walter: Die Landschaft muss das Gesetz werden. Deutsche Verlags-Anstalt, Stuttgart 1991, ISBN 3-421-03001-4<\/span><\/li>\n<li>Schaustelle Nachkriegsmoderne Berlin. Text: Florian Heilmeyer. Die neuen Architekturf\u00fchrer. Bd. 107. Berlin: Stadtwandel-Verlag 2007<\/li>\n<li><span lang=\"EN-US\">Schulz, Stefanie and Schulz, Carl-Georg: Das Hansaviertel, Ikone der Moderne. Braun, Berlin 2007, ISBN 978-3-938780-13-8<\/span><\/li>\n<li>Taut &amp; Hoffmann in Berlin. Berlin: Edition Eichhorn 2014<\/li>\n<li>Tirri, Lidia (ed.): Wohnlabor Hansaviertel. Geschichten aus der Stadt von morgen. Amberpress, Berlin 2007, ISBN 3-9809655-6-2 (Book for the exhibition \u201cWohnlabor Hansaviertel: 50 Jahre leben in der Stadt von morgen\u201d)<\/li>\n<li><span lang=\"EN-US\">UNESCO, Das Welterbe, Munich 2010<\/span><\/li>\n<li><span lang=\"EN-US\">Wagner-Conzelmann, Sandra: Die Interbau 1957 in Berlin. Imhoff, Petersberg 2007<\/span><\/li>\n<li><span lang=\"EN-US\">Weilacher, Udo: Vision\u00e4re G\u00e4rten. Die modernen Landschaften von Ernst Cramer. Birkh\u00e4user, Basel et al. 2001, ISBN 3-7643-6568-4<\/span><\/li>\n<li>Weitz, Ewald, J\u00fcrgen Friedenberg (ed.): Interbau Berlin 1957. Internationale Bauausstellung im Berliner Hansaviertel, 6. Juli bis 29. September. Internationale Bauausstellung Berlin, Berlin 1957 (Amtlicher Katalog \u201cOfficial Catalogue\u201d)<\/li>\n<\/ul>\n<h4>Filmography<\/h4>\n<ul>\n<li>Berlin-Hansaviertel. Die \u201cStadt von Morgen\u201d wird 50. Documentary film, 45 mins, by Felix Oehler, production: RBB, first broadcast: May 31, 2007<\/li>\n<li>die stadt von morgen \u2013 Beitr\u00e4ge zu einer Arch\u00e4ologie des Hansaviertels Berlin. Inhaltsangabe des Kino Arsenal<\/li>\n<li>Leben in der Stadt von morgen. Documentary film, 90 mins, by Marian Engel<\/li>\n<li>Hansaviertel Berlin. Documentary film, 50 mins, by the B\u00fcrgerverein<\/li>\n<li>1958\u2013 2008, 50 years Hansabibliothek in Berlin\u2019s Hansaviertel. Documentary film, 30 mins, by Thilo Geisler<\/li>\n<li>1958\u2013 2008, 50 Jahre Corbusierhaus, Typ Berlin. Documentary film by Thilo Geisler<\/li>\n<li>J\u00fcdische Wurzeln im Berliner Hansaviertel, ein nterview mit Tatjana Ruge, Dokumente, tabellarische Darstellungen und Fotografien (Jewish Roots in Berlin\u2019s Hansaviertel, an interview with Tatjana Ruge, documents, tabular representations and photographs), 2011, 30 mins documentary by Thilo Geisler<\/li>\n<li>Architecture discussion on the Hansaviertel with the architects Prof. Dr. Karl-Hermann Koch and Matthias Rudolph, interviewed by inhabitant of the Hansaviertel, Tatjana Ruge, 2011, 24 mins, documentary with historical and current photographs by Thilo Geisler<\/li>\n<\/ul>\n<h4>Hollywood im Hansaviertel<\/h4>\n<p>The film chronicler of the Hansaviertel, Michael Stemmer, who grew up here, has set about researching in detail the manifold film activities concerning the &#8220;showcase of the West&#8221; over many years. Under the not overly ambitious title HOLLYWOOD IN THE HANSAVIERTEL, the 70-year-old has meticulously listed 184 film and television productions of all kinds shot in the &#8220;city of tomorrow&#8221; to date (as of the end of 2024), starting in 1956. Through his work, he has also helped to shape the image of the Hansaviertel in the media and is making his resulting filmography, supplemented by a large number of photos, freely available as a unique guest contribution to all those interested in cinema as well as film location tourists.<\/p>\n<p><a class=\"https:\/\/hansaviertel.berlin\/wp-content\/uploads\/2026\/01\/Hollywood-im-Hansaviertel-2026.pdf\" href=\"https:\/\/hansaviertel.berlin\/wp-content\/uploads\/2026\/01\/Hollywood-im-Hansaviertel-2026.pdf\" target=\"_blank\" rel=\"noopener\"><img loading=\"lazy\" decoding=\"async\" class=\"alignnone wp-image-9770 size-full\" src=\"https:\/\/hansaviertel.berlin\/wp-content\/uploads\/2024\/03\/Cover_2026.jpg\" alt=\"\" width=\"1872\" height=\"1323\" srcset=\"https:\/\/hansaviertel.berlin\/wp-content\/uploads\/2024\/03\/Cover_2026.jpg 1872w, https:\/\/hansaviertel.berlin\/wp-content\/uploads\/2024\/03\/Cover_2026-768x543.jpg 768w, https:\/\/hansaviertel.berlin\/wp-content\/uploads\/2024\/03\/Cover_2026-1536x1086.jpg 1536w\" sizes=\"auto, (max-width: 1872px) 100vw, 1872px\" \/><\/a><\/p>\n<p><a href=\"https:\/\/hansaviertel.berlin\/wp-content\/uploads\/2026\/01\/Hollywood-im-Hansaviertel-2026.pdf\" target=\"_blank\" rel=\"noopener noreferrer\">Hollywood im Hansaviertel.pdf<\/a><br \/>\nDownload PDF<\/p>\n<p>&nbsp;<\/p>\n<p>&nbsp;<\/p>\n","protected":false},"excerpt":{"rendered":"<p>Here you will find materials on the history of the Hansaviertel<\/p>\n","protected":false},"author":2,"featured_media":8664,"parent":5431,"menu_order":0,"comment_status":"closed","ping_status":"closed","template":"","meta":{"_genesis_hide_title":false,"_genesis_hide_breadcrumbs":false,"_genesis_hide_singular_image":false,"_genesis_hide_footer_widgets":false,"_genesis_custom_body_class":"","_genesis_custom_post_class":"","_genesis_layout":"","footnotes":""},"class_list":{"0":"post-7298","1":"page","2":"type-page","3":"status-publish","4":"has-post-thumbnail","6":"entry"},"_links":{"self":[{"href":"https:\/\/hansaviertel.berlin\/en\/wp-json\/wp\/v2\/pages\/7298","targetHints":{"allow":["GET"]}}],"collection":[{"href":"https:\/\/hansaviertel.berlin\/en\/wp-json\/wp\/v2\/pages"}],"about":[{"href":"https:\/\/hansaviertel.berlin\/en\/wp-json\/wp\/v2\/types\/page"}],"author":[{"embeddable":true,"href":"https:\/\/hansaviertel.berlin\/en\/wp-json\/wp\/v2\/users\/2"}],"replies":[{"embeddable":true,"href":"https:\/\/hansaviertel.berlin\/en\/wp-json\/wp\/v2\/comments?post=7298"}],"version-history":[{"count":27,"href":"https:\/\/hansaviertel.berlin\/en\/wp-json\/wp\/v2\/pages\/7298\/revisions"}],"predecessor-version":[{"id":10005,"href":"https:\/\/hansaviertel.berlin\/en\/wp-json\/wp\/v2\/pages\/7298\/revisions\/10005"}],"up":[{"embeddable":true,"href":"https:\/\/hansaviertel.berlin\/en\/wp-json\/wp\/v2\/pages\/5431"}],"wp:featuredmedia":[{"embeddable":true,"href":"https:\/\/hansaviertel.berlin\/en\/wp-json\/wp\/v2\/media\/8664"}],"wp:attachment":[{"href":"https:\/\/hansaviertel.berlin\/en\/wp-json\/wp\/v2\/media?parent=7298"}],"curies":[{"name":"wp","href":"https:\/\/api.w.org\/{rel}","templated":true}]}}