{"id":6177,"date":"2018-07-02T06:07:59","date_gmt":"2018-07-02T06:07:59","guid":{"rendered":"https:\/\/hansaviertel.berlin\/?page_id=6177"},"modified":"2019-03-28T11:03:02","modified_gmt":"2019-03-28T11:03:02","slug":"die-stadt-von-morgen","status":"publish","type":"page","link":"https:\/\/hansaviertel.berlin\/en\/interbau-1957\/die-stadt-von-morgen\/","title":{"rendered":"the city of tomorrow"},"content":{"rendered":"<h4>The special exhibition <em>the city of tomorrow<\/em>: a crowd-puller at <em>Interbau<\/em><\/h4>\n<p>The urban planning exhibition <em>the city of tomorrow<\/em> was the largest and most popular special exhibition held at <em>Interbau<\/em> and, after the new buildings in the Hansaviertel, it was the most visited part of the architectural exhibition. Situated near the main entrance at the Gro\u00dfer Stern, it wasn\u2019t just its subject matter that attracted the attention of the public. Its appealing design and the innovative temporary pavilion in which it was held also contributed to its fame.<\/p>\n<div class=\"hv-picture-row\">\n<div class=\"one-half first\">\n<figure id=\"attachment_2544\" aria-describedby=\"caption-attachment-2544\" style=\"width: 401px\" class=\"wp-caption alignnone\"><a href=\"https:\/\/hansaviertel.berlin\/wp-content\/uploads\/2018\/08\/012a__svm_01_1_\u00a9WillyPragher.jpg\"><img loading=\"lazy\" decoding=\"async\" class=\"wp-image-2544 size-hv24h\" src=\"https:\/\/hansaviertel.berlin\/wp-content\/uploads\/2018\/08\/012a__svm_01_1_\u00a9WillyPragher-401x260.jpg\" alt=\"\" width=\"401\" height=\"260\" \/><\/a><figcaption id=\"caption-attachment-2544\" class=\"wp-caption-text\">The lettering of the special exhibition <em>the city of tomorrow<\/em><span class=\"engdesc\"> Landesarchiv Baden-W\u00fcrttemberg, Willy Pragher<\/span><\/figcaption><\/figure>\n<\/div>\n<div class=\"one-half\">\n<figure id=\"attachment_6578\" aria-describedby=\"caption-attachment-6578\" style=\"width: 401px\" class=\"wp-caption alignnone\"><a href=\"https:\/\/hansaviertel.berlin\/wp-content\/uploads\/2019\/03\/012a__svm__labw_5-777858-1.jpg\"><img loading=\"lazy\" decoding=\"async\" class=\"wp-image-6578 size-hv24h\" src=\"https:\/\/hansaviertel.berlin\/wp-content\/uploads\/2019\/03\/012a__svm__labw_5-777858-1-401x260.jpg\" alt=\"\" width=\"401\" height=\"260\" \/><\/a><figcaption id=\"caption-attachment-6578\" class=\"wp-caption-text\">Pavilion of the special exhibition <em>the city of tomorrow<\/em> at the Interbau entrance at the Gro\u00dfer Stern<span class=\"engdesc\"> Landesarchiv Baden-W\u00fcrttemberg, Willy Pragher<\/span><\/figcaption><\/figure>\n<\/div>\n<\/div>\n<h4>An \u201cumbrella for Tiergarten\u201d <span class=\"tooltips \" style=\"\" title=\"1953 gro\u00dfe Bauausstellung in Berlin, in: Baurundschau 1951, issue 11, p. 452\"><a id=\"fn_die-stadt-von-morgen_01\" href=\"https:\/\/hansaviertel.berlin\/en\/literaturverzeichnis\/#fn_die-stadt-von-morgen_01\">(1)<\/a><\/span>: the pavilion for the special exhibition <em>the city of tomorrow<\/em><\/h4>\n<p>The pavilion for the special exhibition was a particular attraction at <em>Interbau<\/em>. For the trade press, its construction and design, along with that of Hugh A. Stubbins\u2019 Congress Hall, embodied \u201cthe shapes of the future\u201d. <span class=\"tooltips \" style=\"\" title=\"Aspects des temps futures, in: Architecture d\u2019aujourd\u2019hui, No. 15, inner cover\"><a id=\"fn_die-stadt-von-morgen_02\" href=\"https:\/\/hansaviertel.berlin\/en\/literaturverzeichnis\/#fn_die-stadt-von-morgen_02\">(2)<\/a><\/span> Devised by Karl Otto (1904\u20131975), Frei Otto (1925\u20132015) and G\u00fcnther G\u00fcnschel (1928\u20132008), it was the first time the Mero System had been used for an exhibition hall. It consisted of a space frame made of 2-metre long Mero-norm tubing, held together at the joints by spherical connectors, which allowed for a roof construction needing few supports, giving the pavilion a light and airy feel. To provide protection from rain and sun, the Mero space frame was covered with a white polyurethane-coated strong cotton fabric, the brainchild of Frei Otto. The distinctive bumpy-shaped roof was created by wooden springs mounted on the Mero System bending strongly under the fabric tension, and this light-weight roof construction, resembling an umbrella, provided the exhibition with ample daylight, even in cloudy weather. The pavilion was mostly without walls, allowing views into Tiergarten and ensuring excellent ventilation during the hot summer days, so that the pavilion was \u201cclimatically the most pleasant place to be\u201d\u00a0<span class=\"tooltips \" style=\"\" title=\"G\u00fcnter K\u00fchne: Interbau 1957. Geh\u00f6rt-gesehen-notiert, in: Bauwelt 1957, issue 30, p. 762\"><a id=\"fn_die-stadt-von-morgen_03\" href=\"https:\/\/hansaviertel.berlin\/en\/literaturverzeichnis\/#fn_die-stadt-von-morgen_03\">(3)<\/a><\/span> at the <em>Interbau<\/em> exhibition.<\/p>\n<div class=\"hv-picture-row\">\n<div class=\"one-half first\">\n<figure id=\"attachment_6972\" aria-describedby=\"caption-attachment-6972\" style=\"width: 401px\" class=\"wp-caption alignnone\"><a href=\"https:\/\/hansaviertel.berlin\/wp-content\/uploads\/2019\/03\/012a__svm_07_\u00a9LAB_weisses-Buch_ohne.jpg\"><img loading=\"lazy\" decoding=\"async\" class=\"wp-image-6972 size-hv24h\" src=\"https:\/\/hansaviertel.berlin\/wp-content\/uploads\/2019\/03\/012a__svm_07_\u00a9LAB_weisses-Buch_ohne-401x260.jpg\" alt=\"\" width=\"401\" height=\"260\" \/><\/a><figcaption id=\"caption-attachment-6972\" class=\"wp-caption-text\">Floor plan of the exhibition hall<span class=\"engdesc\"> Landesarchiv Berlin, Amtlicher Katalog der Internationalen Bauausstellung Berlin 1957<\/span><\/figcaption><\/figure>\n<\/div>\n<div class=\"one-half\">\n<figure id=\"attachment_6593\" aria-describedby=\"caption-attachment-6593\" style=\"width: 401px\" class=\"wp-caption alignnone\"><a href=\"https:\/\/hansaviertel.berlin\/wp-content\/uploads\/2019\/03\/012a_meru_seitenansicht.jpg\"><img loading=\"lazy\" decoding=\"async\" class=\"wp-image-6593 size-hv24h\" src=\"https:\/\/hansaviertel.berlin\/wp-content\/uploads\/2019\/03\/012a_meru_seitenansicht-401x260.jpg\" alt=\"\" width=\"401\" height=\"260\" \/><\/a><figcaption id=\"caption-attachment-6593\" class=\"wp-caption-text\">cross section through the pavilion<span class=\"engdesc\"> Landesarchiv Berlin, Amtlicher Katalog der Internationalen Bauausstellung Berlin 1957<\/span><\/figcaption><\/figure>\n<\/div>\n<\/div>\n<div class=\"hv-picture-row\">\n<div class=\"one-half first\">\n<figure id=\"attachment_6583\" aria-describedby=\"caption-attachment-6583\" style=\"width: 401px\" class=\"wp-caption alignnone\"><a href=\"https:\/\/hansaviertel.berlin\/wp-content\/uploads\/2019\/03\/012a__svm_01_6_\u00a9LAB_weisses-Buch_sw..jpg\"><img loading=\"lazy\" decoding=\"async\" class=\"wp-image-6583 size-hv24h\" src=\"https:\/\/hansaviertel.berlin\/wp-content\/uploads\/2019\/03\/012a__svm_01_6_\u00a9LAB_weisses-Buch_sw.-401x260.jpg\" alt=\"Landesarchiv Berlin, Wiederaufbau Hansaviertel; Sonderver\u00f6ffentlichung zur Interbau Berlin 57\" width=\"401\" height=\"260\" \/><\/a><figcaption id=\"caption-attachment-6583\" class=\"wp-caption-text\">The Mero system under construction<span class=\"engdesc\"> Landesarchiv Berlin, Wiederaufbau Hansaviertel; Sonderver\u00f6ffentlichung zur Interbau Berlin 57, Foto: K\u00f6ster<\/span><\/figcaption><\/figure>\n<\/div>\n<div class=\"one-half\">\n<figure id=\"attachment_6588\" aria-describedby=\"caption-attachment-6588\" style=\"width: 401px\" class=\"wp-caption alignnone\"><a href=\"https:\/\/hansaviertel.berlin\/wp-content\/uploads\/2019\/03\/12a_svm_F_Rep_290_0055547.jpg\"><img loading=\"lazy\" decoding=\"async\" class=\"wp-image-6588 size-hv24h\" src=\"https:\/\/hansaviertel.berlin\/wp-content\/uploads\/2019\/03\/12a_svm_F_Rep_290_0055547-401x260.jpg\" alt=\"Landesarchiv Berlin, Foto: Waltraud Rodewald\" width=\"401\" height=\"260\" \/><\/a><figcaption id=\"caption-attachment-6588\" class=\"wp-caption-text\">&#8230; covered with polyurethane-coated cotton fabric<span class=\"engdesc\"> Landesarchiv Berlin, Foto: Waltraud Rodewald<\/span><\/figcaption><\/figure>\n<\/div>\n<\/div>\n<h4>The exhibition: the city landscape \u2013 urban planning for tomorrow as an educational mission<\/h4>\n<p>Initially planned as an accompanying exhibition, <em>the city of tomorrow<\/em> became increasingly important during the planning of <em>Interbau<\/em> as it became more apparent that a \u201ccity of tomorrow\u201d could only partly be achieved in the Hansaviertel. This was down to the complicated planning processes involved and the many considerations to be taken into account regarding ownership, construction law and political stipulations. Therefore, over time <em>the city of tomorrow<\/em> became the heart of the <em>Interbau<\/em> programme. The guiding principles of the exhibition were prepared in development consultations involving an interdisciplinary group of sociologists, representatives of planning authorities, landscape architects, Senate employees, representatives of the Design Council and from Federal Ministries, as well as a doctor, a psychologist, a sociologist and an agriculturist. These consultations were led by the two men responsible for the special exhibition \u2013 Karl Otto, the architect and director of the Werkkunstschule in Hannover, and Erich K\u00fchn, Professor of Urban Development and Regional Planning at the RWTH in Aachen. A series of catchy statements of intent were developed in the consultations and then illustrated in a colourful and varied presentation under the leadership of the graphic designer Claus-Peter Gro\u00df. The content was conveyed in an entertaining way through photoboards, explanatory texts and humorous drawings by the Berlin cartoonist Oswald Meichsner, who had made his name under the pseudonym Oswin. <span class=\"tooltips \" style=\"\" title=\"An analysis of the development consultations and the special exhibition \u2018the city of tomorrow\u2019 in Sandra Wagner-Conzelmann: Die Interbau 1957 in Berlin: Stadt von heute \u2013 Stadt von morgen. St\u00e4dtebau und Gesellschaftskritik der 50er Jahre, Petersberg 2007, p. 67ff\"><a id=\"fn_die-stadt-von-morgen_04\" href=\"https:\/\/hansaviertel.berlin\/en\/literaturverzeichnis\/#fn_die-stadt-von-morgen_04\">(4)<\/a><\/span><\/p>\n<div class=\"hv-picture-row\">\n<div class=\"one-half first\">\n<figure id=\"attachment_6579\" aria-describedby=\"caption-attachment-6579\" style=\"width: 401px\" class=\"wp-caption alignnone\"><a href=\"https:\/\/hansaviertel.berlin\/wp-content\/uploads\/2019\/03\/012a__svm__ullstein_02593498.jpg\"><img loading=\"lazy\" decoding=\"async\" class=\"wp-image-6579 size-hv24h\" src=\"https:\/\/hansaviertel.berlin\/wp-content\/uploads\/2019\/03\/012a__svm__ullstein_02593498-401x260.jpg\" alt=\"\" width=\"401\" height=\"260\" \/><\/a><figcaption id=\"caption-attachment-6579\" class=\"wp-caption-text\">Exhibition hall open towards Altonaer Stra\u00dfe<span class=\"engdesc\"> Ullstein Bild<\/span><\/figcaption><\/figure>\n<\/div>\n<div class=\"one-half\">\n<figure id=\"attachment_2541\" aria-describedby=\"caption-attachment-2541\" style=\"width: 401px\" class=\"wp-caption alignnone\"><a href=\"https:\/\/hansaviertel.berlin\/wp-content\/uploads\/2018\/08\/012a__svm_01_4_\u00a9WillyPragher.jpg\"><img loading=\"lazy\" decoding=\"async\" class=\"wp-image-2541 size-hv24h\" src=\"https:\/\/hansaviertel.berlin\/wp-content\/uploads\/2018\/08\/012a__svm_01_4_\u00a9WillyPragher-401x260.jpg\" alt=\"\" width=\"401\" height=\"260\" \/><\/a><figcaption id=\"caption-attachment-2541\" class=\"wp-caption-text\">The light, airy pavilion with its views into Tiergarten<span class=\"engdesc\"> Landesarchiv Baden-W\u00fcrttemberg, Willy Pragher<\/span><\/figcaption><\/figure>\n<\/div>\n<\/div>\n<p>Right at the beginning of the special exhibition, it was stated that city structures from the imperial era no longer \u201cworked\u201d. Life was in \u201ca state of disorder in city housing that was no longer suitable\u201d. <span class=\"tooltips \" style=\"\" title=\"Interbau GmbH (ed.): die stadt von morgen, 1957, Prologue\"><a id=\"fn_die-stadt-von-morgen_05\" href=\"https:\/\/hansaviertel.berlin\/en\/literaturverzeichnis\/#fn_die-stadt-von-morgen_05\">(5)<\/a><\/span> The dense city of the 19<sup>th<\/sup> century with its tenement blocks, rear courtyards and narrow alleyways was identified as the reason for such societal disorder, alongside the mix of living, working, recreation and transportation. The exhibition presented an alternative model \u2013 a subdivided, more dispersed, landscaped urban structure, in which life would become decent again and where social and family values would come into their own. The city should turn into a sort of \u201cstructured casing\u201d <span class=\"tooltips \" style=\"\" title=\"Text from the exhibition information boards and in Interbau GmbH (ed.), 1957, Stadt und Mensch, sentence 41\"><a id=\"fn_die-stadt-von-morgen_06\" href=\"https:\/\/hansaviertel.berlin\/en\/literaturverzeichnis\/#fn_die-stadt-von-morgen_06\">(6)<\/a><\/span>, where individuals, families and neighborly communities \u201cwould have living conditions that would protect and shape them\u201d; indeed, the whole of society would re-discover \u201can orderly structure\u201d. What is more, in such an environment \u201cthe shared responsibility of each individual towards the wider community would flourish in accordance with true democracy\u201d. <span class=\"tooltips \" style=\"\" title=\"Text from the exhibition information boards and in Interbau GmbH (ed.), 1957, Stadt und Mensch, sentence 47\"><a id=\"fn_die-stadt-von-morgen_07\" href=\"https:\/\/hansaviertel.berlin\/en\/literaturverzeichnis\/#fn_die-stadt-von-morgen_07\">(7)<\/a><\/span><\/p>\n<p>The focus of the exhibition was a diorama designed by Oswin showing the ideal open, green city landscape. This was further illustrated in different sections of the exhibition, dealing with the themes \u2018City and Man\u2019, \u2018City and Health\u2019, \u2018City and Nature\u2019 and \u2018City and Transport\u2019, before being converted into planning principles and twelve concrete examples for urban planning. <span class=\"tooltips \" style=\"\" title=\"Particularly worthy of mention is the section \u2018City and Nature\u2019 curated by the landscape architect Walter Rossow, which pointed to the negative effects of environmental destruction, a theme which subsequently became more important and which was taken up by the &lt;em&gt;Deutscher Werkbund&lt;\/em&gt; (&lt;em&gt;German Association of Craftsmen&lt;\/em&gt;) at the conference &lt;em&gt;Die gro\u00dfe Landzerst\u00f6rung&lt;\/em&gt; (&lt;em&gt;Great Land Destruction&lt;\/em&gt;) in Marl in 1959.\"><a id=\"fn_die-stadt-von-morgen_08\" href=\"https:\/\/hansaviertel.berlin\/en\/literaturverzeichnis\/#fn_die-stadt-von-morgen_08\">(8)<\/a><\/span> One of these was a design by Hubert Hoffmann and Walter Rossow for Berlin-Moabit, showing a city divided into neighborhoods, pervaded by green spaces and laid out around a green centre, disregarding the city structure in existence at that time.<\/p>\n<div class=\"hv-picture-row\">\n<div class=\"one-half first\">\n<figure id=\"attachment_2531\" aria-describedby=\"caption-attachment-2531\" style=\"width: 401px\" class=\"wp-caption alignnone\"><a href=\"https:\/\/hansaviertel.berlin\/wp-content\/uploads\/2018\/08\/012a__svm_11_1_Carsten_\u00a9LAB_.jpg\"><img loading=\"lazy\" decoding=\"async\" class=\"wp-image-2531 size-hv24h\" src=\"https:\/\/hansaviertel.berlin\/wp-content\/uploads\/2018\/08\/012a__svm_11_1_Carsten_\u00a9LAB_-401x260.jpg\" alt=\"\" width=\"401\" height=\"260\" \/><\/a><figcaption id=\"caption-attachment-2531\" class=\"wp-caption-text\">Diorama of the city of the future, drawing by Oswin (Oswald Meichsner)<span class=\"engdesc\"> Landesarchiv Berlin<\/span><\/figcaption><\/figure>\n<\/div>\n<div class=\"one-half\">\n<figure id=\"attachment_6577\" aria-describedby=\"caption-attachment-6577\" style=\"width: 401px\" class=\"wp-caption alignnone\"><a href=\"https:\/\/hansaviertel.berlin\/wp-content\/uploads\/2019\/03\/012a__svm__labw_5-777534-1.jpg\"><img loading=\"lazy\" decoding=\"async\" class=\"wp-image-6577 size-hv24h\" src=\"https:\/\/hansaviertel.berlin\/wp-content\/uploads\/2019\/03\/012a__svm__labw_5-777534-1-401x260.jpg\" alt=\"\" width=\"401\" height=\"260\" \/><\/a><figcaption id=\"caption-attachment-6577\" class=\"wp-caption-text\">\u201cHanging photos\u201d in the exhibition<span class=\"engdesc\"> Landesarchiv Baden-W\u00fcrttemberg, Foto: Willy Pragher<\/span><\/figcaption><\/figure>\n<\/div>\n<\/div>\n<p>As in a burning glass, the special exhibition <em>the city of tomorrow<\/em> brought together the socio-political expectations that were connected with this more relaxed urban planning design. In no other architectural exhibition of the 1950s was the assumed interrelationship between urban structure, way of life and societal values so clearly expressed as it was in <em>the city of tomorrow<\/em>. At the same time, the exhibition unambiguously dedicated itself to the goal of influencing public opinion, not least through a targeted and accessible presentation of the content and through various publications. <span class=\"tooltips \" style=\"\" title=\"These were Johannes G\u00f6deritz\/ Roland Rainer\/ Hubert Hoffmann: Die gegliederte und aufgelockerte Stadt, T\u00fcbingen 1957; Interbau GmbH (ed.): die stadt von morgen, 1957; Erich K\u00fchn\/ Paul Vogler: Medizin und St\u00e4dtebau, Vol. I and Vol. II, Berlin 1957; Karl Otto (ed.): Die Stadt von morgen, Berlin 1959 \"><a id=\"fn_die-stadt-von-morgen_09\" href=\"https:\/\/hansaviertel.berlin\/en\/literaturverzeichnis\/#fn_die-stadt-von-morgen_09\">(9)<\/a><\/span><\/p>\n<div class=\"hv-picture-row\">\n<div class=\"one-half first\">\n<figure id=\"attachment_2530\" aria-describedby=\"caption-attachment-2530\" style=\"width: 401px\" class=\"wp-caption alignnone\"><a href=\"https:\/\/hansaviertel.berlin\/wp-content\/uploads\/2018\/08\/012a__svm_12_die-stadt-von-morgen.jpg\"><img loading=\"lazy\" decoding=\"async\" class=\"wp-image-2530 size-hv24h\" src=\"https:\/\/hansaviertel.berlin\/wp-content\/uploads\/2018\/08\/012a__svm_12_die-stadt-von-morgen-401x260.jpg\" alt=\"\" width=\"401\" height=\"260\" \/><\/a><figcaption id=\"caption-attachment-2530\" class=\"wp-caption-text\">Ideal planning template for a city with 200,000 inhabitants by Erich K\u00fchn<span class=\"engdesc\"> aus Karl Otto: Die Stadt von morgen, Berlin 1959<\/span><\/figcaption><\/figure>\n<\/div>\n<div class=\"one-half\">\n<figure id=\"attachment_2529\" aria-describedby=\"caption-attachment-2529\" style=\"width: 401px\" class=\"wp-caption alignnone\"><a href=\"https:\/\/hansaviertel.berlin\/wp-content\/uploads\/2018\/08\/012a__svm_13_die-stadt-von-morgen.jpg\"><img loading=\"lazy\" decoding=\"async\" class=\"wp-image-2529 size-hv24h\" src=\"https:\/\/hansaviertel.berlin\/wp-content\/uploads\/2018\/08\/012a__svm_13_die-stadt-von-morgen-401x260.jpg\" alt=\"\" width=\"401\" height=\"260\" \/><\/a><figcaption id=\"caption-attachment-2529\" class=\"wp-caption-text\">Proposal for urban redevelopment in Berlin-Moabit by Hubert Hoffmann and Walter Rossow<span class=\"engdesc\"> aus Karl Otto: Die Stadt von morgen, Berlin 1959<\/span><\/figcaption><\/figure>\n<\/div>\n<\/div>\n<div class=\"hv-picture-row\">\n<div class=\"one-half first\">\n<figure id=\"attachment_2498\" aria-describedby=\"caption-attachment-2498\" style=\"width: 401px\" class=\"wp-caption alignnone\"><a href=\"https:\/\/hansaviertel.berlin\/wp-content\/uploads\/2018\/08\/012a__svm_18_die-aufgelockerte-stadt.jpg\"><img loading=\"lazy\" decoding=\"async\" class=\"wp-image-2498 size-hv24h\" src=\"https:\/\/hansaviertel.berlin\/wp-content\/uploads\/2018\/08\/012a__svm_18_die-aufgelockerte-stadt-401x260.jpg\" alt=\"\" width=\"401\" height=\"260\" \/><\/a><figcaption id=\"caption-attachment-2498\" class=\"wp-caption-text\">Silhouettes of the medieval city and the new subdivided city compared<span class=\"engdesc\"> in: Johannes G\u00f6deritz\/ Roland Rainer\/ Hubert Hoffmann: Die gegliederte und aufgelockerte Stadt, T\u00fcbingen 1957, S. 87<\/span><\/figcaption><\/figure>\n<\/div>\n<div class=\"one-fourth\">\n<figure id=\"attachment_2525\" aria-describedby=\"caption-attachment-2525\" style=\"width: 190px\" class=\"wp-caption alignnone\"><a href=\"https:\/\/hansaviertel.berlin\/wp-content\/uploads\/2018\/08\/012d__svm_17_die-stadt-von-morgen_2.jpg\"><img loading=\"lazy\" decoding=\"async\" class=\"wp-image-2525 size-hv14v\" src=\"https:\/\/hansaviertel.berlin\/wp-content\/uploads\/2018\/08\/012d__svm_17_die-stadt-von-morgen_2-190x260.jpg\" alt=\"\" width=\"190\" height=\"260\" \/><\/a><figcaption id=\"caption-attachment-2525\" class=\"wp-caption-text\">Karl Otto (ed.): Die Stadt von morgen, Berlin 1959<span class=\"engdesc\"> Karl Otto (Hg.): Die Stadt von morgen, Berlin 1959<\/span><\/figcaption><\/figure>\n<\/div>\n<div class=\"one-fourth\">\n<figure id=\"attachment_2506\" aria-describedby=\"caption-attachment-2506\" style=\"width: 190px\" class=\"wp-caption alignnone\"><a href=\"https:\/\/hansaviertel.berlin\/wp-content\/uploads\/2018\/08\/012d__svm_15b_die-aufgelockerte-stadt_aufsw.jpg\"><img loading=\"lazy\" decoding=\"async\" class=\"wp-image-2506 size-hv14v\" src=\"https:\/\/hansaviertel.berlin\/wp-content\/uploads\/2018\/08\/012d__svm_15b_die-aufgelockerte-stadt_aufsw-190x260.jpg\" alt=\"\" width=\"190\" height=\"260\" \/><\/a><figcaption id=\"caption-attachment-2506\" class=\"wp-caption-text\">Johannes G\u00f6deritz\/ Roland Rainer\/ Hubert Hoffmann: Die gegliederte und aufgelockerte Stadt, T\u00fcbingen 1957<span class=\"engdesc\"> Johannes G\u00f6deritz\/ Roland Rainer\/ Hubert Hoffmann: Die gegliederte und aufgelockerte Stadt, T\u00fcbingen 1957<\/span><\/figcaption><\/figure>\n<\/div>\n<hr class=\"hv-schmucklinie small-margin\" \/>\n<p>Dr. Sandra Wagner-Conzelmann<\/p>\n<p><a class=\"button\" href=\"https:\/\/hansaviertel.berlin\/en\/interbau-1957\/landschaftsarchitektur\/\">&gt; Landscape architecture<\/a><\/p>\n<\/div>\n","protected":false},"excerpt":{"rendered":"<p>More about the crowd-pulling special exhibition the \u201cstadt von morgen\u201d at Interbau<\/p>\n","protected":false},"author":2,"featured_media":7401,"parent":5434,"menu_order":0,"comment_status":"closed","ping_status":"closed","template":"","meta":{"_genesis_hide_title":false,"_genesis_hide_breadcrumbs":false,"_genesis_hide_singular_image":false,"_genesis_hide_footer_widgets":false,"_genesis_custom_body_class":"","_genesis_custom_post_class":"","_genesis_layout":"","footnotes":""},"class_list":{"0":"post-6177","1":"page","2":"type-page","3":"status-publish","4":"has-post-thumbnail","6":"entry"},"_links":{"self":[{"href":"https:\/\/hansaviertel.berlin\/en\/wp-json\/wp\/v2\/pages\/6177","targetHints":{"allow":["GET"]}}],"collection":[{"href":"https:\/\/hansaviertel.berlin\/en\/wp-json\/wp\/v2\/pages"}],"about":[{"href":"https:\/\/hansaviertel.berlin\/en\/wp-json\/wp\/v2\/types\/page"}],"author":[{"embeddable":true,"href":"https:\/\/hansaviertel.berlin\/en\/wp-json\/wp\/v2\/users\/2"}],"replies":[{"embeddable":true,"href":"https:\/\/hansaviertel.berlin\/en\/wp-json\/wp\/v2\/comments?post=6177"}],"version-history":[{"count":12,"href":"https:\/\/hansaviertel.berlin\/en\/wp-json\/wp\/v2\/pages\/6177\/revisions"}],"predecessor-version":[{"id":8523,"href":"https:\/\/hansaviertel.berlin\/en\/wp-json\/wp\/v2\/pages\/6177\/revisions\/8523"}],"up":[{"embeddable":true,"href":"https:\/\/hansaviertel.berlin\/en\/wp-json\/wp\/v2\/pages\/5434"}],"wp:featuredmedia":[{"embeddable":true,"href":"https:\/\/hansaviertel.berlin\/en\/wp-json\/wp\/v2\/media\/7401"}],"wp:attachment":[{"href":"https:\/\/hansaviertel.berlin\/en\/wp-json\/wp\/v2\/media?parent=6177"}],"curies":[{"name":"wp","href":"https:\/\/api.w.org\/{rel}","templated":true}]}}