{"id":6146,"date":"2018-03-09T07:06:13","date_gmt":"2018-03-09T07:06:13","guid":{"rendered":"https:\/\/hansaviertel.berlin\/literaturverzeichnis\/"},"modified":"2022-08-18T13:55:49","modified_gmt":"2022-08-18T13:55:49","slug":"literaturverzeichnis","status":"publish","type":"page","link":"https:\/\/hansaviertel.berlin\/en\/literaturverzeichnis\/","title":{"rendered":"Bibliography"},"content":{"rendered":"<h3>History<\/h3>\n<h5><a href=\"https:\/\/hansaviertel.berlin\/en\/geschichte\/geschichte-bis-1933\/\">History until 1933<\/a><\/h5>\n<div class=\"hv-literatur\"><span id=\"fn_geschichte_01\">(1)<\/span> Gustav Assmann: Grundrisse f\u00fcr st\u00e4dtische Wohngeb\u00e4ude mit R\u00fccksicht auf die f\u00fcr Berlin geltende Bauordnung, Berlin 1862, (Floor plans for municipal residential buildings in accordance with the building regulations applicable to Berlin), see also Johannes Friedrich Geist\/ Klaus K\u00fcrvers: Das Berliner Mietshaus 1862\u20131945, M\u00fcnchen 1984, p. 220ff.<br \/>\n<a href=\"https:\/\/hansaviertel.berlin\/en\/geschichte\/geschichte-bis-1933\/#fn_geschichte_01\">\u2190 <\/a><\/div>\n<div class=\"hv-literatur\"><span id=\"fn_geschichte_02\">(2)<\/span> For the history of the Hansaviertel in the imperial era, see Bertram Janiszewski: Das alte Hansa-Viertel in Berlin. Gestalt und Menschen, Berlin 2000, new edition 2009, here p. 31ff<br \/>\n<a href=\"https:\/\/hansaviertel.berlin\/en\/geschichte\/geschichte-bis-1933\/#fn_geschichte_02\">\u2190<\/a><\/div>\n<div><\/div>\n<div class=\"hv-literatur\"><span id=\"fn_geschichte_03\">(3)<\/span> Communal Gazette of 7 September 1879 No. 36, quoted from Janiszewski, 2000, p. 33<br \/>\n<a href=\"https:\/\/hansaviertel.berlin\/en\/geschichte\/geschichte-bis-1933\/#fn_geschichte_03\">\u2190<\/a><\/div>\n<div><\/div>\n<div class=\"hv-literatur\"><span id=\"fn_geschichte_04\">(4)<\/span> Cf. Janiszewski, 2000, pp. 38-40<br \/>\n<a href=\"https:\/\/hansaviertel.berlin\/en\/geschichte\/geschichte-bis-1933\/#fn_geschichte_04\">\u2190<\/a><\/div>\n<div><\/div>\n<div class=\"hv-literatur\"><span id=\"fn_geschichte_05\">(5)<\/span> Janiszewski, 2000, p. 77<br \/>\n<a href=\"https:\/\/hansaviertel.berlin\/en\/geschichte\/geschichte-bis-1933\/#fn_geschichte_05\">\u2190<\/a><\/div>\n<div><\/div>\n<div class=\"hv-literatur\"><span id=\"fn_geschichte_06\">(6)<\/span> Berlin edition of Baedeker from 1921, quoted from Harald Bodenschatz, Platz frei f\u00fcr das neue Berlin, Berlin 1987, p. 164<br \/>\n<a href=\"https:\/\/hansaviertel.berlin\/en\/geschichte\/geschichte-bis-1933\/#fn_geschichte_06\">\u2190<\/a><\/div>\n<div><\/div>\n<div class=\"hv-literatur\"><span id=\"fn_geschichte_07\">(7)<\/span> Janiszewski, 2000, p. 81ff<br \/>\n<a href=\"https:\/\/hansaviertel.berlin\/en\/geschichte\/geschichte-bis-1933\/#fn_geschichte_07\">\u2190<\/a><\/div>\n<div><\/div>\n<div class=\"hv-literatur\"><span id=\"fn_geschichte_08\">(8)<\/span> ibid.<br \/>\n<a href=\"https:\/\/hansaviertel.berlin\/en\/geschichte\/geschichte-bis-1933\/#fn_geschichte_08\">\u2190<\/a><\/div>\n<div class=\"hv-literatur\">\n<h5><\/h5>\n<h5><a href=\"https:\/\/hansaviertel.berlin\/en\/geschichte\/jahre-1933-1945\/\">The years 1933\u20131945<\/a><\/h5>\n<p><span id=\"fn_geschichte_01\">(1)<\/span> See Johann Friedrich Geist\/ Klaus K\u00fcrvers: Tatort Berlin, Pariser Platz. Die Zerst\u00f6rung und \u201eEntjudung\u201c Berlins, in: J\u00f6rn D\u00fcwel \/ Werner Durth\/ Niels Gutshow et. al.: 1945. Krieg-Zerst\u00f6rung-Aufbau. Architektur und Stadtplanung 1940\u20131960, Berlin 1995, p. 55ff<br \/>\n<a href=\"https:\/\/hansaviertel.berlin\/geschichte\/jahre-1933-1945\/#fn_geschichte_01\">\u2190<\/a><\/p>\n<p><span id=\"fn_geschichte_02\">(2)<\/span> Ibid.<br \/>\n<a href=\"https:\/\/hansaviertel.berlin\/geschichte\/jahre-1933-1945\/#fn_geschichte_02\">\u2190<\/a><\/p>\n<h5><\/h5>\n<h5><a href=\"https:\/\/hansaviertel.berlin\/geschichte\/november-1943\/\"><strong>November 22nd, 1943<\/strong><\/a><\/h5>\n<p><span id=\"fn_november-1943_01\">(1)<\/span> J\u00f6rg Friedrich: Der Brand. Deutschland im Bombenkrieg 1940-1945, M\u00fcnchen 2002, p. 81<br \/>\n<a href=\"https:\/\/hansaviertel.berlin\/geschichte\/november-1943\/#fn_november-1943_01\">\u2190<\/a><\/p>\n<p><span id=\"fn_november-1943_02\">(2)<\/span> J\u00f6rg Friedrich: Der Brand. Deutschland im Bombenkrieg 1940-1945, p. 81<br \/>\n<a href=\"https:\/\/hansaviertel.berlin\/geschichte\/november-1943\/#fn_november-1943_02\">\u2190<\/a><\/p>\n<p><span id=\"fn_november-1943_03\">(3)<\/span> Dugway Proving Ground, Utah, http:\/\/www.themilitarystandard.com\/army_base\/ut\/dpg.php, accessed on 24.08.2018<br \/>\n<a href=\"https:\/\/hansaviertel.berlin\/geschichte\/november-1943\/#fn_november-1943_03\">\u2190<\/a><\/p>\n<p><span id=\"fn_november-1943_04\">(4)<\/span> Laurenz Demps (ed.): Luftangriffe auf Berlin. Die Berichte der Hauptluftschutzstelle 1940-1945, Schriftenreihe des Landesarchivs Berlin, Volume 16, Berlin 2012, p. 38.<br \/>\n<a href=\"https:\/\/hansaviertel.berlin\/geschichte\/november-1943\/#fn_november-1943_04\">\u2190<\/a><\/p>\n<p><span id=\"fn_november-1943_05\">(5)<\/span> Cf. Landesdenkmalamt Berlin (ed.): Denkmaltopographie Bundesrepublik Deutschland. Denkmale in Berlin. Bezirk Mitte, Ortsteile Moabit, Hansaviertel und Tiergarten, Petersberg 2005, p. 77<br \/>\n<a href=\"https:\/\/hansaviertel.berlin\/geschichte\/november-1943\/#fn_november-1943_05\">\u2190<\/a><\/p>\n<p>&nbsp;<\/p>\n<h5><a href=\"https:\/\/hansaviertel.berlin\/geschichte\/jahre-1945-1953\/\">The years 1945\u20131953<\/a><\/h5>\n<p><span id=\"fn_geschichte_01\">(1)<\/span> Dr. Theo. Fritz Schmidt-Clausing, Das Hansa-Viertel von den Sch\u00f6neberger Wiesen zur \u201cstadt von morgen\u201d, Berlin 1956\/57, p. 13<br \/>\n<a href=\"https:\/\/hansaviertel.berlin\/geschichte\/jahre-1945-1953\/#fn_geschichte_01\">\u2190<\/a><\/p>\n<p><span id=\"fn_geschichte_02\">(2)<\/span> Dr. Theo. Fritz Schmidt-Clausing, 1956\/57, p. 15<br \/>\n<a href=\"https:\/\/hansaviertel.berlin\/geschichte\/jahre-1945-1953\/#fn_geschichte_02\">\u2190<\/a><\/p>\n<h5><\/h5>\n<h5><a href=\"https:\/\/hansaviertel.berlin\/geschichte\/juedische-nachbarn\/\">Jewish neighbors<\/a><\/h5>\n<p><span id=\"fn_geschichte_01\">(1)<\/span> Cf.\u00a0 Janiszewski, 2000, p. 100<br \/>\n<a href=\"https:\/\/hansaviertel.berlin\/geschichte\/jahre-1933-1945\/#fn_jahre-1933-1945_01\">\u2190<\/a><\/p>\n<h5><\/h5>\n<h5><a href=\"https:\/\/hansaviertel.berlin\/geschichte\/prominente-anwohner\/\">Prominent residents<\/a><\/h5>\n<p><span id=\"fn_prominente-anwohner_01\">(1)<\/span> Bertram Janiszewski: Das alte Hansaviertel in Berlin. Gestalt und Menschen, Berlin 2000, new edition 2009, here p. 88f<br \/>\n<a href=\"https:\/\/hansaviertel.berlin\/geschichte\/prominente-anwohner\/#fn_prominente-anwohner_01\">\u2190<\/a><\/p>\n<p><span id=\"fn_prominente-anwohner_02\">(2)<\/span> Karen Noetzel: Die Spree, in der ich t\u00e4glich bade: Ein Schwimmer am sp\u00e4teren Bundesratufer war Lenin, https:\/\/www.berliner-woche.de\/hansaviertel\/c-kultur\/die-spree-in-der-ich-taeglich-bade-ein-schwimmer-am-spaeteren-bundesratsufer-war-lenin_a138613, accessed on 23.08.2018<br \/>\n<a href=\"https:\/\/hansaviertel.berlin\/geschichte\/prominente-anwohner\/#fn_prominente-anwohner_02\">\u2190<\/a><\/p>\n<p>&nbsp;<\/p>\n<p>&nbsp;<\/p>\n<h3>Interbau 1957<\/h3>\n<h5><a href=\"https:\/\/hansaviertel.berlin\/en\/interbau-1957\/geschichte-interbau-57\/\">The History of Interbau 1957<br \/>\n<\/a><\/h5>\n<p><span id=\"fn_geschichte-interbau-57_01\">(1)<\/span> 1953 gro\u00dfe Bauausstellung in Berlin, in: Baurundschau 1951, issue 11, p. 452<br \/>\n<a href=\"https:\/\/hansaviertel.berlin\/en\/interbau-1957\/geschichte-interbau-57\/#fn_geschichte-interbau-57_01\">\u2190<\/a><\/p>\n<p><span id=\"fn_geschichte-interbau-57_02\">(2)<\/span> Albert Wischek: Die neue Stadt, ca. 1953, Landesarchiv Berlin, Rep. 9 Acc. 2427, No. 29<br \/>\n<a href=\"https:\/\/hansaviertel.berlin\/en\/interbau-1957\/geschichte-interbau-57\/#fn_geschichte-interbau-57_02\">\u2190<\/a><\/p>\n<p><span id=\"fn_geschichte-interbau-57_03\">(3)<\/span> Ludwig Erhard: Berlin \u2013 Schaufenster der Wirtschaft, in: Deutsche Industrieausstellung Berlin 1950, Messekatalog, Berlin 1950, p.11<br \/>\n<a href=\"https:\/\/hansaviertel.berlin\/en\/interbau-1957\/geschichte-interbau-57\/#fn_geschichte-interbau-57_03\">\u2190<\/a><\/p>\n<p><span id=\"fn_geschichte-interbau-57_04\">(4)<\/span> Karl Mahler: Internationale Bauausstellung 1956, in Bauwelt 1953, issue 35, p. 682<\/p>\n<p><a href=\"https:\/\/hansaviertel.berlin\/en\/interbau-1957\/geschichte-interbau-57\/#fn_geschichte-interbau-57_04\">\u2190<\/a><\/p>\n<p><span id=\"fn_geschichte-interbau-57_05\">(5)<\/span> Lothar Bolz: Vom deutschen Bauen, Ost-Berlin 1951, pp. 32\u201352<\/p>\n<p><a href=\"https:\/\/hansaviertel.berlin\/en\/interbau-1957\/geschichte-interbau-57\/#fn_geschichte-interbau-57_05\">\u2190<\/a><\/p>\n<p><span id=\"fn_geschichte-interbau-57_06\">(6)<\/span> Ernst Randzio: Unterirdischer St\u00e4dtebau, Bremen-Horn 1951, p. 43, cf. Harald Bodenschatz, Platz frei f\u00fcr das neue Berlin, Berlin 1987, p. 165<\/p>\n<p><a href=\"https:\/\/hansaviertel.berlin\/en\/interbau-1957\/geschichte-interbau-57\/#fn_geschichte-interbau-57_06\">\u2190<\/a><\/p>\n<p><span id=\"fn_geschichte-interbau-57_07\">(7)<\/span> Gerhard Jobst: Ordnung im St\u00e4dtebau, in: Bauwelt 1954, issue 3, p. 48<\/p>\n<p><a href=\"https:\/\/hansaviertel.berlin\/en\/interbau-1957\/geschichte-interbau-57\/#fn_geschichte-interbau-57_07\">\u2190<\/a><\/p>\n<p><span id=\"fn_geschichte-interbau-57_08\">(8)<\/span> Der Wettbewerb um das Berliner Hansa-Viertel, in Bauwelt 1954, issue 3, p. 45<\/p>\n<p><a href=\"https:\/\/hansaviertel.berlin\/en\/interbau-1957\/geschichte-interbau-57\/#fn_geschichte-interbau-57_08\">\u2190<\/a><\/p>\n<p><span id=\"fn_geschichte-interbau-57_09\">(9)<\/span> Internationale Bauausstellung Berlin GmbH (ed.): Interbau Berlin 1957, Amtlicher Katalog, Berlin 1957, p. 30<\/p>\n<p><a href=\"https:\/\/hansaviertel.berlin\/en\/interbau-1957\/geschichte-interbau-57\/#fn_geschichte-interbau-57_09\">\u2190<\/a><\/p>\n<p><span id=\"fn_geschichte-interbau-57_10\">(10)<\/span> Cf. Sandra Wagner-Conzelmann: Die Interbau 1957 in Berlin: Stadt von heute \u2013 Stadt von morgen: St\u00e4dtebau und Gesellschaftskritik der 50er Jahre, Petersberg 2007<\/p>\n<p><a href=\"https:\/\/hansaviertel.berlin\/en\/interbau-1957\/geschichte-interbau-57\/#fn_geschichte-interbau-57_10\">\u2190<\/a><\/p>\n<p><span id=\"fn_geschichte-interbau-57_11\">(11)<\/span> The continuity of this idea is shown in the book \u201cDie gegliederte und aufgel\u00f6ste Stadt\u201d, which was written by Johannes G\u00f6deritz, Roland Rainer and Hubert Hoffmann during the Nazi dictatorship. A few copies were printed in 1945, and then in 1957 a new de-nazified edition was issued for the Interbau.<\/p>\n<p><a href=\"https:\/\/hansaviertel.berlin\/en\/interbau-1957\/geschichte-interbau-57\/#fn_geschichte-interbau-57_11\">\u2190<\/a><\/p>\n<p><span id=\"fn_geschichte-interbau-57_12\">(12)<\/span> Hans Scharoun, Speech for the opening of the exhibition \u201cBerlin Plans \u2013 First Report\u201d (\u201cBerlin plant. Erster Bericht\u201d), 1946, quoted from J\u00f6rn D\u00fcwel: Berlin. Planen im Kalten Krieg, in: J\u00f6rn D\u00fcwel\/ Werner Durth\/ Niels Gutschow et al.: 1945. Krieg-Zerst\u00f6rung-Aufbau. Architektur und Stadtplanung 1940\u20131960, Berlin 1995, pp. 197, 198<\/p>\n<p><a href=\"https:\/\/hansaviertel.berlin\/en\/interbau-1957\/geschichte-interbau-57\/#fn_geschichte-interbau-57_12\">\u2190<\/a><\/p>\n<h5><a href=\"https:\/\/hansaviertel.berlin\/en\/interbau-1957\/die-stadt-von-morgen\/\">the city of tomorrow<\/a><\/h5>\n<p><span id=\"fn_die-stadt-von-morgen_01\">(1)<\/span> 1953 gro\u00dfe Bauausstellung in Berlin, in: Baurundschau 1951, issue 11, p. 452<br \/>\n<a href=\"https:\/\/hansaviertel.berlin\/en\/interbau-1957\/die-stadt-von-morgen\/#fn_die-stadt-von-morgen_01\">\u2190<\/a><\/p>\n<p><span id=\"fn_die-stadt-von-morgen_02\">(2)<\/span> Aspects des temps futures, in: Architecture d\u2019aujourd\u2019hui, No. 15, inner cover<br \/>\n<a href=\"https:\/\/hansaviertel.berlin\/en\/interbau-1957\/die-stadt-von-morgen\/#fn_die-stadt-von-morgen_02\">\u2190<\/a><\/p>\n<p><span id=\"fn_die-stadt-von-morgen_03\">(3)<\/span> G\u00fcnter K\u00fchne: Interbau 1957. Geh\u00f6rt-gesehen-notiert, in: Bauwelt 1957, issue 30, p. 762<br \/>\n<a href=\"https:\/\/hansaviertel.berlin\/en\/interbau-1957\/die-stadt-von-morgen\/#fn_die-stadt-von-morgen_03\">\u2190<\/a><\/p>\n<p><span id=\"fn_die-stadt-von-morgen_04\">(4)<\/span> An analysis of the development consultations and the special exhibition \u2018the city of tomorrow\u2019 in Sandra Wagner-Conzelmann: Die Interbau 1957 in Berlin: Stadt von heute \u2013 Stadt von morgen. St\u00e4dtebau und Gesellschaftskritik der 50er Jahre, Petersberg 2007, p. 67ff<br \/>\n<a href=\"https:\/\/hansaviertel.berlin\/en\/interbau-1957\/die-stadt-von-morgen\/#fn_die-stadt-von-morgen_04\">\u2190<\/a><\/p>\n<p><span id=\"fn_die-stadt-von-morgen_05\">(5)<\/span> Interbau GmbH (ed.): die stadt von morgen, 1957, Prologue<br \/>\n<a href=\"https:\/\/hansaviertel.berlin\/en\/interbau-1957\/die-stadt-von-morgen\/#fn_die-stadt-von-morgen_05\">\u2190<\/a><\/p>\n<p><span id=\"fn_die-stadt-von-morgen_06\">(6)<\/span> Text from the exhibition information boards and in Interbau GmbH (ed.), 1957, Stadt und Mensch, sentence 41<br \/>\n<a href=\"https:\/\/hansaviertel.berlin\/en\/interbau-1957\/die-stadt-von-morgen\/#fn_die-stadt-von-morgen_06\">\u2190<\/a><\/p>\n<p><span id=\"fn_die-stadt-von-morgen_07\">(7)<\/span> Text from the exhibition information boards and in Interbau GmbH (ed.), 1957, Stadt und Mensch, sentence 47<br \/>\n<a href=\"https:\/\/hansaviertel.berlin\/en\/interbau-1957\/die-stadt-von-morgen\/#fn_die-stadt-von-morgen_07\">\u2190<\/a><\/p>\n<p><span id=\"fn_die-stadt-von-morgen_08\">(8)<\/span> Particularly worthy of mention is the section \u2018City and Nature\u2019 curated by the landscape architect Walter Rossow, which pointed to the negative effects of environmental destruction, a theme which subsequently became more important and which was taken up by the <em>Deutscher Werkbund<\/em> (<em>German Association of Craftsmen<\/em>) at the conference <em>Die gro\u00dfe Landzerst\u00f6rung<\/em> (<em>Great Land Destruction<\/em>) in Marl in 1959.<br \/>\n<a href=\"https:\/\/hansaviertel.berlin\/en\/interbau-1957\/die-stadt-von-morgen\/#fn_die-stadt-von-morgen_08\">\u2190<\/a><\/p>\n<p><span id=\"fn_die-stadt-von-morgen_09\">(9)<\/span> These were Johannes G\u00f6deritz\/ Roland Rainer\/ Hubert Hoffmann: Die gegliederte und aufgelockerte Stadt, T\u00fcbingen 1957; Interbau GmbH (ed.): die stadt von morgen, 1957; Erich K\u00fchn\/ Paul Vogler: Medizin und St\u00e4dtebau, Vol. I and Vol. II, Berlin 1957; Karl Otto (ed.): Die Stadt von morgen, Berlin 1959<br \/>\n<a href=\"https:\/\/hansaviertel.berlin\/en\/interbau-1957\/die-stadt-von-morgen\/#fn_die-stadt-von-morgen_09\">\u2190<\/a><\/p>\n<h5><a href=\"https:\/\/hansaviertel.berlin\/en\/interbau-1957\/landschaftsarchitektur\">Landscape architecture<\/a><\/h5>\n<p><span id=\"fn_landschaftsarchitektur_01\">(1) Walter Rossow: Zur Internationalen Bauausstellung, in: Garten und Landschaft, 67, 1957, 10, p. 256, quoted from Andrea Koenecke: Walter Rossow (1910\u20131992) \u201cDie Landschaft im Bewu\u00dftsein der \u00d6ffentlichkeit\u201d, M\u00fcnchen 2014, p. 153<\/span><br \/>\n<a href=\"https:\/\/hansaviertel.berlin\/en\/interbau-1957\/landschaftsarchitektur\/#fn_landschaftsarchitektur_01\">\u2190<\/a><\/p>\n<p><span id=\"fn_landschaftsarchitektur_02\">(2) Erich K\u00fchn: Programmvorschlag f\u00fcr die Bauausstellung Berlin 1956, 24.08.1954, LA B Rep. 6 No. 2132, also published in Jonas Geist\/ Klaus K\u00fcrvers: Das Berliner Mietshaus 1945\u20131989, M\u00fcnchen 1989, Vol. 3, p. 375<\/span><br \/>\n<a href=\"https:\/\/hansaviertel.berlin\/en\/interbau-1957\/landschaftsarchitektur\/#fn_landschaftsarchitektur_02\">\u2190<\/a><\/p>\n<p><span id=\"fn_landschaftsarchitektur_03\">(3) Walter Rossow: Die Gr\u00fcnfl\u00e4chen im Hansaviertel, 12.01.1955, Bundesarchiv Koblenz B 134\/2252, Vol. 2<\/span><br \/>\n<a href=\"https:\/\/hansaviertel.berlin\/en\/interbau-1957\/landschaftsarchitektur\/#fn_landschaftsarchitektur_03\">\u2190<\/a><\/p>\n<p><span id=\"fn_landschaftsarchitektur_04\">(4) Koenecke, 2014, p. 152<\/span><br \/>\n<a href=\"https:\/\/hansaviertel.berlin\/en\/interbau-1957\/landschaftsarchitektur\/#fn_landschaftsarchitektur_04\">\u2190<\/a><\/p>\n<p><span id=\"fn_landschaftsarchitektur_05\">(5) Letter from Walter Rossow to Luciano Baldessari, 25.01.1955, quoted from Koenecke, 2014, p. 149<\/span><br \/>\n<a href=\"https:\/\/hansaviertel.berlin\/en\/interbau-1957\/landschaftsarchitektur\/#fn_landschaftsarchitektur_05\">\u2190<\/a><\/p>\n<p><span id=\"fn_landschaftsarchitektur_06\">(6) Ibid. p. 148<\/span><br \/>\n<a href=\"https:\/\/hansaviertel.berlin\/en\/interbau-1957\/landschaftsarchitektur\/#fn_landschaftsarchitektur_06\">\u2190<\/a><\/p>\n<p><span id=\"fn_landschaftsarchitektur_07\">(7) Otto Bartning: Zum Programm der Interbau, in: Internationale Bauausstellung Berlin GmbH (ed.): Interbau Berlin 1957, Amtlicher Katalog, Berlin 1957, p. 28<\/span><br \/>\n<a href=\"https:\/\/hansaviertel.berlin\/en\/interbau-1957\/landschaftsarchitektur\/#fn_landschaftsarchitektur_07\">\u2190<\/a><\/p>\n<p><span id=\"fn_landschaftsarchitektur_08\">(8) Hermann Mattern (ed.): Die Wohnlandschaft. Eine Sammlung von Aussagen \u00fcber die menschlichen T\u00e4tigkeiten in der Landschaft, Stuttgart 1950<\/span><br \/>\n<a href=\"https:\/\/hansaviertel.berlin\/en\/interbau-1957\/landschaftsarchitektur\/#fn_landschaftsarchitektur_08\">\u2190<\/a><\/p>\n<h5><a href=\"https:\/\/hansaviertel.berlin\/en\/interbau-1957\/kunst\">Art<\/a><\/h5>\n<p><span id=\"fn_kunst_01\">(1) Along with Uhlmann the Senate invited Lynn Chadwick (London), Berto Lardera (Paris), Karl Hartung (Berlin), Toni Stadler (M\u00fcnchen) and Bernhard Heiliger (Berlin), to take part in the sculpture competition. In the end four designs were submitted, which the jury placed in the following order: Uhlmann, Lardera, Hartung, Heiliger. Protokoll Internationale Bauausstellung Berlin 1957 from 07.09.1957, Akademie der K\u00fcnste, Baukunstarchiv, Hans Scharoun estate, sculpture competition Hansaviertel<\/span><br \/>\n<a href=\"https:\/\/hansaviertel.berlin\/en\/interbau-1957\/kunst\/#fn_kunst_01\">\u2190<\/a><\/p>\n<p><span id=\"fn_kunst_02\">(2) Jean Bazaine (Paris), Alfred Manessier (Paris), Ernst Wilhelm Nay (Cologne), and Karl Schmidt-Rottluff (Berlin) had also been invited to the competition. Internationale Bauausstellung Berlin GmbH (ed.): Interbau Berlin 1957, Amtlicher Katalog, Berlin 1957, p. 397<\/span><br \/>\n<a href=\"https:\/\/hansaviertel.berlin\/en\/interbau-1957\/kunst\/#fn_kunst_02\">\u2190<\/a><\/p>\n<p>(3)The most important works of Sedlmayr in this connection are \u2018Verlust der Mitte\u2019 from 1948 and \u2018Die Revolution der modernen Kunst\u2019 from 1955. The quote can be found in Sedlmayr, 1948, p. 156<br \/>\n<span id=\"fn_kunst_03\"><\/span><a href=\"https:\/\/hansaviertel.berlin\/en\/interbau-1957\/kunst\/#fn_kunst_03\">\u2190<\/a><\/p>\n<p>&nbsp;<\/p>\n<h5><a href=\"https:\/\/hansaviertel.berlin\/en\/interbau-1957\/unite_kongresshalle\">Unit\u00e9 d\u2019habitation and the Congress Hall<\/a><\/h5>\n<p><span id=\"fn_unite_kongresshalle_01\">(1)<\/span> After the Berlin Unit\u00e9, Le Corbusier constructed another two Unit\u00e9 buildings, one in Briey (1959\u20131961) and one in Firminy (1965\u20131967).<br \/>\n<a href=\"https:\/\/hansaviertel.berlin\/en\/interbau-1957\/unite_kongresshalle\/#fn_unite_kongresshalle_01\">\u2190<\/a><\/p>\n<p><span id=\"fn_unite_kongresshalle_02\">(2)<\/span> Berlin \u2013 Eleanor Dulles 1955\u20131957, Berlin Building Exhibition, in: Harvard University, Graduate School of Design, Special Collections, Frances Loeb Library, Stubbins-Archive, quoted from Steffen de Rudder: Der Architekt Hugh Stubbins. Amerikanische Moderne der F\u00fcnfziger Jahre in Berlin, Berlin 2007, p.122<br \/>\n<a href=\"https:\/\/hansaviertel.berlin\/en\/interbau-1957\/unite_kongresshalle\/#fn_unite_kongresshalle_02\">\u2190<\/a><\/p>\n<p><span id=\"fn_unite_kongresshalle_03\">(3)<\/span> The laying of the foundation stone took place on 3<sup>rd<\/sup> October 1956.<br \/>\n<a href=\"https:\/\/hansaviertel.berlin\/en\/interbau-1957\/unite_kongresshalle\/#fn_unite_kongresshalle_03\">\u2190<\/a><\/p>\n<p><span id=\"fn_unite_kongresshalle_04\">(4)<\/span> See Steffen de Rudder: \u201cWhat luck that this problematic building is finally unusable\u2026\u201d Die Berliner Kongresshalle. Von der Rezeption eines Westberliner Wahrzeichens, in: Sandra Wagner-Conzelmann (ed.): Das Hansaviertel in Berlin und die Potentiale der Moderne, Berlin 2008, p.139ff<br \/>\n<a href=\"https:\/\/hansaviertel.berlin\/en\/interbau-1957\/unite_kongresshalle\/#fn_unite_kongresshalle_04\">\u2190<\/a><\/p>\n<p><span id=\"fn_unite_kongresshalle_05\">(5)<\/span> Senate of Berlin, Vorlage zur Beschlu\u00dffassung, 12.10.1982, in: Archiv GAP. Wolfgang von Herder, quoted from ibid p. 143<br \/>\n<a href=\"https:\/\/hansaviertel.berlin\/en\/interbau-1957\/unite_kongresshalle\/#fn_unite_kongresshalle_05\">\u2190<\/a><\/p>\n<h3>UNESCO<\/h3>\n<h5><a href=\"https:\/\/hansaviertel.berlin\/weltkulturerbe\/\">On the way to becoming a World Heritage Site<\/a><\/h5>\n<p><span id=\"fn_unesco_01\">(1)<\/span> See Gabi Dolff-Bonek\u00e4mper: Die Stalinallee. Der erste Bauabschnitt, in: J\u00f6rg Haspel\/ Thomas Flierl (Hg.): Karl-Marx-Allee und Interbau 1957. Konfrontation, Konkurrenz und Koevolution der Moderne in Berlin, Beitr\u00e4ge zur Denkmalpflege in Berlin, Volume 47, Berlin 2017, p. 27<br \/>\n<a href=\"https:\/\/hansaviertel.berlin\/en\/weltkulturerbe\/#fn_unesco_01\">\u2190 <\/a><\/p>\n<p><span id=\"fn_unesco_02\">(2)<\/span> In 1997\/98, the architects Salomon Schindler, Urs F\u00fcssler and Tobias N\u00f6fer proposed that Hansaplatz be rebuilt into the urban structures of the 19th century. Salomon Schindler\/ Urs F\u00fcssler \/ Tobias N\u00f6fer: Umbau des Hansaviertels, catalogue of the exhibition, Berlin 1998<br \/>\n<a href=\"https:\/\/hansaviertel.berlin\/en\/weltkulturerbe\/#fn_unesco_02\">\u2190 <\/a><\/p>\n<p><span id=\"fn_unesco_03\">(3)<\/span> Hans Stimmann: Kein Denkmalschutz f\u00fcr die Nachkriegsmoderne, in: Die Welt from 07.11.2007<br \/>\n<a href=\"https:\/\/hansaviertel.berlin\/en\/weltkulturerbe\/#fn_unesco_03\">\u2190 <\/a><\/p>\n<p><span id=\"fn_unesco_04\">(4)<\/span> Events in the Hansaviertel<br \/>\n<a href=\"https:\/\/hansaviertel.berlin\/en\/weltkulturerbe\/#fn_unesco_04\">\u2190 <\/a><\/p>\n<p><span id=\"fn_unesco_05\">(5)<\/span> Thomas Flierl\/ J\u00f6rg Haspel: Zwischen Avantgardismus und Traditionalismus &#8211; Moderne neu denken, in: J\u00f6rg Haspel, Thomas Flierl (eds.): Karl-Marx-Allee und Interbau 1957. Konfrontation, Konkurrenz und Koevolution der Moderne in Berlin. Berlin 2017, p. 16. The application text from 2013 was also published in this publication.<br \/>\n<a href=\"https:\/\/hansaviertel.berlin\/en\/weltkulturerbe\/#fn_unesco_05\">\u2190 <\/a><\/p>\n<p><span id=\"fn_unesco_06\">(6)<\/span> See programme of the colloquium in Haspel\/ Flierl, 2017, p. 115ff.<br \/>\n<a href=\"https:\/\/hansaviertel.berlin\/en\/weltkulturerbe\/#fn_unesco_06\">\u2190 <\/a><\/p>\n<p><span id=\"fn_unesco_07\">(7)<\/span> see Programme of the Colloquium in Haspel\/ Flierl, 2017, p. 115ff An Advisory Council on the Updating of the German Tentative List for UNESCO World Heritage examines the proposals of all the L\u00e4nder and makes recommendations as to which sites the Standing Conference of the Ministers of Education and Cultural Affairs of the L\u00e4nder in the Federal Republic of Germany should place on the Tentative List, a list of proposals for future nominations of German sites to the UNESCO list. The UNESCO World Heritage Committee decides which sites are to be included in the \u201cList of World Cultural and Natural Heritage Sites\u201d according to the Tentative List.<br \/>\n<a href=\"https:\/\/hansaviertel.berlin\/en\/weltkulturerbe\/#fn_unesco_07\">\u2190 <\/a><\/p>\n<p><span id=\"fn_unesco_08\">(8)<\/span> DThe complete final report has been published at https:\/\/www.kmk.org\/fileadmin\/Dateien\/pdf\/Themen\/Kultur\/Abschlussbericht_Fachbeirat_Tentativliste.pdf, here p. 29<br \/>\n<a href=\"https:\/\/hansaviertel.berlin\/en\/weltkulturerbe\/#fn_unesco_08\">\u2190 <\/a><\/p>\n<p><span id=\"fn_unesco_09\">(9)<\/span> The event took place on 31.03.2017 at the Akademie der K\u00fcnste in Berlin. See programme of the 31st Berlin Memorial Day at https:\/\/www.adk.de\/de\/projekte\/2017\/bartning\/PDF\/Berliner_Denkmaltag17.pdf?m=1518449158&amp;<br \/>\n<a href=\"https:\/\/hansaviertel.berlin\/en\/weltkulturerbe\/#fn_unesco_09\">\u2190 <\/a><\/p>\n<\/div>\n","protected":false},"excerpt":{"rendered":"<p>History History until 1933 (1) Gustav Assmann: Grundrisse f\u00fcr st\u00e4dtische Wohngeb\u00e4ude mit R\u00fccksicht auf die f\u00fcr Berlin geltende Bauordnung, Berlin 1862, (Floor plans for municipal residential buildings in accordance with the building regulations applicable to Berlin), see also Johannes Friedrich Geist\/ Klaus K\u00fcrvers: Das Berliner Mietshaus 1862\u20131945, M\u00fcnchen 1984, p. 220ff. \u2190 (2) For the [&hellip;]<\/p>\n","protected":false},"author":2,"featured_media":0,"parent":0,"menu_order":0,"comment_status":"closed","ping_status":"closed","template":"","meta":{"_genesis_hide_title":false,"_genesis_hide_breadcrumbs":false,"_genesis_hide_singular_image":false,"_genesis_hide_footer_widgets":false,"_genesis_custom_body_class":"","_genesis_custom_post_class":"","_genesis_layout":"","footnotes":""},"class_list":{"0":"post-6146","1":"page","2":"type-page","3":"status-publish","5":"entry"},"_links":{"self":[{"href":"https:\/\/hansaviertel.berlin\/en\/wp-json\/wp\/v2\/pages\/6146","targetHints":{"allow":["GET"]}}],"collection":[{"href":"https:\/\/hansaviertel.berlin\/en\/wp-json\/wp\/v2\/pages"}],"about":[{"href":"https:\/\/hansaviertel.berlin\/en\/wp-json\/wp\/v2\/types\/page"}],"author":[{"embeddable":true,"href":"https:\/\/hansaviertel.berlin\/en\/wp-json\/wp\/v2\/users\/2"}],"replies":[{"embeddable":true,"href":"https:\/\/hansaviertel.berlin\/en\/wp-json\/wp\/v2\/comments?post=6146"}],"version-history":[{"count":35,"href":"https:\/\/hansaviertel.berlin\/en\/wp-json\/wp\/v2\/pages\/6146\/revisions"}],"predecessor-version":[{"id":9470,"href":"https:\/\/hansaviertel.berlin\/en\/wp-json\/wp\/v2\/pages\/6146\/revisions\/9470"}],"wp:attachment":[{"href":"https:\/\/hansaviertel.berlin\/en\/wp-json\/wp\/v2\/media?parent=6146"}],"curies":[{"name":"wp","href":"https:\/\/api.w.org\/{rel}","templated":true}]}}