{"id":5522,"date":"2018-05-25T06:56:48","date_gmt":"2018-05-25T06:56:48","guid":{"rendered":"https:\/\/hansaviertel.berlin\/?page_id=5522"},"modified":"2024-06-19T15:45:49","modified_gmt":"2024-06-19T15:45:49","slug":"juedische-nachbarn","status":"publish","type":"page","link":"https:\/\/hansaviertel.berlin\/en\/geschichte\/juedische-nachbarn\/","title":{"rendered":"Jewish Neighbors"},"content":{"rendered":"<p>The proportion of Jewish inhabitants in the Hansaviertel, was comparatively high. In the twenties, at about 8 % it was almost double the Jewish proportion of the total population of Berlin. About 10 % of the houses in the Hansaviertel were Jewish property, and there were lively Jewish communities both in the Hansaviertel and in neighboring Moabit. Jewish life was taken for granted in the bourgeois quarter. There were not only numerous kosher shops, there were three synagogues, too.<\/p>\n<h4>Lessingstra\u00dfe 19 Synagogue<\/h4>\n<p>The Moabit synagogue association came into being in around 1890 and held its services in an apartment in Lessingstra\u00dfe 19. It consisted of 220 members, who saw themselves as law-abiding orthodox Jews and who were predominantly academics. This synagogue was also known, therefore, as the \u201cTemple of the Intelligentsia\u201d. In 1898, an application was made to erect a pavilion in the courtyard housing a prayer hall with 250 seats. In 1905, the small synagogue was finally inaugurated.<br \/>\nDuring the Reichsprogromnacht in 1938, the synagogue was completely gutted by fire. The remains were removed in 1939.<\/p>\n<h4>Siegmunds Hof 11 Synagogue<\/h4>\n<p>On 13 March 1919, the Jewish Congregation Adass Yisroel decided to establish a school. At the beginning of the school year on 2 May 1919, the first two lowest preschool classes could begin. Due to a lack of rooms, some school classes were accommodated in the community hall at Artilleriestra\u00dfe 31, as well as in Wielandstra\u00dfe (Charlottenburg). These premises were dissolved in April 1926 and moved to Wullenweberstra\u00dfe (Tiergarten) the following year. Until 1926, further classrooms were used in the district of Mitte.<br \/>\nIn 1924, the Jewish Congregation Adass Yisroel acquired a studio house in the street Siegmunds Hof 11 in the district of Tiergarten, in the Hansaviertel. The entire school and a synagogue were accommodated there. The inauguration ceremony took place on 10 October 1926, and by 1927 the number of pupils had risen to 600.<br \/>\nOn 9 December 1928, the Realgymnasium moved from Neue Sch\u00f6nhauser Str. 13 to the first floor at Siegmunds Hof; the Volksschule zu Pessach also moved in 1930. In addition, a special music room was set up in Siegmunds Hof 11, and a Bl\u00fcthner grand piano and 100 choir books were purchased.<\/p>\n<p>At the end of March 1939, the schools of Adass Yisroel were closed. They never opened again. Some pupils and teachers were able to emigrate; others stayed and were transported, then murdered.<br \/>\nAfter the closure of the synagogue in Artilleriestra\u00dfe in 1939, the synagogue in Siegmunds Hof was still able to be used until summer 1941. It was even possible to build and hide a Sukkah on the site for the Feast of Tabernacles in 1941, despite being prohibited from doing so by the Gestapo. Afterwards, the services took place in the weekday synagogue in Levetzowstra\u00dfe. In November 1943, the Siegmundshof building was also destroyed in the heavy bombing raids on the Hansaviertel.<\/p>\n<h4>Levetzowstrasse 7\u20138 Synagogue<\/h4>\n<p>The synagogue was built within easy reach according to the plans of the architect Johann Hoeniger (from 1881 he was the master builder of the Jewish community and was already responsible for the construction of the synagogues in Rykestra\u00dfe and Fasanenstra\u00dfe). The new synagogue in Levetzowstra\u00dfe was inaugurated on 7 April 1914 and quickly became the meeting point of the growing Jewish population from Moabit and the Hansaviertel.<\/p>\n<div class=\"hv-picture-row\">\n<div class=\"one-half first\">\n<figure id=\"attachment_2674\" aria-describedby=\"caption-attachment-2674\" style=\"width: 401px\" class=\"wp-caption alignnone\"><a href=\"https:\/\/hansaviertel.berlin\/wp-content\/uploads\/2018\/08\/020__altes_hansav_synagoge.jpg\"><img loading=\"lazy\" decoding=\"async\" class=\"size-hv24h wp-image-2674\" src=\"https:\/\/hansaviertel.berlin\/wp-content\/uploads\/2018\/08\/020__altes_hansav_synagoge-401x260.jpg\" alt=\"\" width=\"401\" height=\"260\" \/><\/a><figcaption id=\"caption-attachment-2674\" class=\"wp-caption-text\">Community and guests of honour leaving the synagogue after the inauguration service on 7 April 1914 <span class=\"engdesc\"> Landesarchiv Berlin<\/span><\/figcaption><\/figure>\n<\/div>\n<div class=\"one-half\">\n<figure id=\"attachment_2004\" aria-describedby=\"caption-attachment-2004\" style=\"width: 401px\" class=\"wp-caption alignnone\"><a href=\"https:\/\/hansaviertel.berlin\/wp-content\/uploads\/2018\/08\/0012_Altes_HV_91.jpg\"><img loading=\"lazy\" decoding=\"async\" class=\"wp-image-2004 size-hv24h\" src=\"https:\/\/hansaviertel.berlin\/wp-content\/uploads\/2018\/08\/0012_Altes_HV_91-401x260.jpg\" alt=\"\" width=\"401\" height=\"260\" \/><\/a><figcaption id=\"caption-attachment-2004\" class=\"wp-caption-text\">Centre of the synagogue community Adass Isroel, formerly Atelierhaus Sigmunds Hof 11, destroyed <span class=\"engdesc\"> (Aufnahme von 1920). Im Vordergrund die damalige Achenbach-Br\u00fccke; heute hier der Wullenweber-Steg., Sammlung Volker Petroschke<\/span><\/figcaption><\/figure>\n<\/div>\n<\/div>\n<p>With more than 2120 seats, the synagogue was one of the largest in Berlin and one of the most magnificent.<\/p>\n<p>On 9 November 1938, it was set on fire by the Nazis but was not destroyed. From September\/October 1941, it served as a collection camp for Jews who were to be sent to the concentration camps for deportation. This camp existed from 18 October 1941 to 26 October 1942 and was misappropriated for a second time, between 2 March and 12 March 1943. According to the records, about 20,000 people passed through it.<br \/>\n(Source: <a href=\"https:\/\/www.stolpersteine-berlin.de\/de\/glossar#letter_s\">https:\/\/www.stolpersteine-berlin.de\/de\/glossar#letter_s<\/a>)<\/p>\n<p>In order to ensure that the deportations ran smoothly, the employees of the Jewish community were forced to compile the transport lists and to help the prisoners at the collection point to record their financial circumstances and complete the forms. In addition, the Jewish community alone was responsible for caring for and supporting the people intended for deportation.<\/p>\n<p>The synagogue itself was damaged during the war but not destroyed. After the end of the Nazi regime, it stood empty for ten years until the Senate had it demolished. Unnecessarily in fact, because according to eyewitnesses it was neither unsafe nor in danger of collapsing. A Jewish community that would have needed such a large building no longer existed, however.<\/p>\n<p>While 12,286 Jewish people lived in Tiergarten in 1933, there were only 161 in 1945 (Kurt Schilde: Versteckt in Tiergarten, Auf der Flucht vor den Nachbarn. A memorial book for those hiding in the district during the National Socialist era, Berlin 1995, p. 16f.)<\/p>\n<p>In September 1938, Hitler\u2019s star architect Albert Speer, who had been appointed \u201cGeneral Building Inspector for the Reich Capital Berlin\u201c, developed the plan to sacrifice thousands of houses on the magnificent north-south axis of the future world capital \u201cGermania\u201d. In 1938 alone, 7,000 apartments were demolished. (See Spiegel 30\/1995 \u201cSiegreich bauen\u201d.) Since there was a lack of money and material to build replacement apartments, Speer came up with the idea of the \u201cforced expulsion of Jews\u201d from their apartments. In 1941, the Hansaviertel was declared \u201cfree of Jews\u201d.<\/p>\n<p>The architect Hans Stephan (1902\u20131973) was recruited by Albert Speer as head of department for the redevelopment of Berlin. In 1944, Speer commissioned him to lead the reconstruction planning of Berlin in the newly established \u201cArbeitsstab f\u00fcr den Wiederaufbau bombenzerst\u00f6rter St\u00e4dte\u201d (\u201cTask force for the Reconstruction of Bomb Damaged Cities\u201d). From 1948, he worked for the municipal building authorities in Berlin (despite various protests about his past activities) and in 1953 took charge of regional and city planning for the Senator for Building and Housing in West Berlin. In 1956, he was even promoted to Senate Building Director, where he was involved in the planning of Interbau 1957 (see Spiegel article). In 1960, he resigned from his post as Senate Building Director as a result of political pressure.<\/p>\n<p>&nbsp;<\/p>\n<hr class=\"hv-schmucklinie\" \/>\n<p><strong>Excerpt from the speech of Pastor Sabine R\u00f6hm, Evangelische Kirchengemeinde Tiergarten,<br \/>\nfor the inauguration of the \u201cWindow of Remembrance \u201d on 9 July 2018 (in the Hansaplatz underground station, on the Hansa Library side)<br \/>\n<\/strong><\/p>\n<p>&#8230;A former Jewish resident of the Hansaviertel, Edith Marcuse, sister of the German-Jewish philosopher and writer Ludwig Marcuse, left in her estate descriptions of everyday Jewish life from 1941. \u201cIt was already a period of insurmountable barriers and deportations. Escape was inconceivable. In her notes, she describes the waiting as alternating between hope and fear\u201d. I quote from Bertram Janiszewski\u2019s book \u201cDas alte Hansaviertel\u201d: \u201cThe anxiety amongst the Jews is indescribable. Scenes unfolded on the street and at the synagogue on Levetzowstra\u00dfe: helpless Jews, screaming Jews in crying fits (&#8230;) As much as I try to stay calm, this choking fear is hard to escape\u201d. Edith was also deported in 1942 and died on 8 May 1945 at the age of 48. Her brother survived in exile.<\/p>\n<p>All this happened before the eyes of the general public and the Protestant and Catholic Churches, making them complicit. It took a lot of courage to defend oneself against the perpetrators of violence and murderers. Most did not dare and remained silent. But many Christians supported the Nazis. In the Protestant Church this included the \u201cGerman Christians\u201d who wanted to combine the Christian faith with the ideas of the National Socialists. They even worked to ensure that Jews who had converted to Christianity were excluded from the church. This fundamentally contradicted the Christian message and the Christian image of humanity, which the Confessing Church had already written down in an impressively provocative way in 1934 in the Theological Declaration of Barmen. The persecuted were denied the protection they so desperately needed.<\/p>\n<p>Memories move, they set emotions free. The memories we commemorate tonight are grave and burdensome . We remember so that they are not forgotten or repressed, so that future generations will know about what happened. The more time passes, the more urgent this task becomes, for there are now young people to whom the name \u201cAuschwitz\u201d means absolutely nothing.<\/p>\n<p>And when time passes and there is no one left to tell their own stories and talk about their own experiences, then others are needed to share those stories and experiences, by telling them, writing them down or creating art. Such as this \u201cWindow of Remembrance\u201d, on which the names of 1030 Jewish inhabitants have been immortalized. These people died nameless, with only a number. But names are important. They make a person unique and distinct. By losing their name, they lost their personality, their individuality, their dignity and finally their lives. How good it is that at least some of them get their names back here in this window (and through the stumbling stones on the pavements of the city).<\/p>\n<p>That\u2019s why it is good that there&#8217;s this Window of Remembrance. It is an important memorial. And it is good that you are here to appreciate it and to remember the past together \u2013 so that we have a future.<\/p>\n<p>Thank you for this window!<\/p>\n<hr \/>\n<h3><strong>Adresses of the jewish neighbors at Hansaviertel<\/strong><\/h3>\n<p><img loading=\"lazy\" decoding=\"async\" class=\"alignnone wp-image-2878 size-large\" src=\"https:\/\/hansaviertel.berlin\/wp-content\/uploads\/2018\/08\/juedische_nachbarn-1024x781.png\" alt=\"\" width=\"1024\" height=\"781\" srcset=\"https:\/\/hansaviertel.berlin\/wp-content\/uploads\/2018\/08\/juedische_nachbarn-1024x781.png 1024w, https:\/\/hansaviertel.berlin\/wp-content\/uploads\/2018\/08\/juedische_nachbarn-800x610.png 800w, https:\/\/hansaviertel.berlin\/wp-content\/uploads\/2018\/08\/juedische_nachbarn-768x586.png 768w, https:\/\/hansaviertel.berlin\/wp-content\/uploads\/2018\/08\/juedische_nachbarn.png 1807w\" sizes=\"auto, (max-width: 1024px) 100vw, 1024px\" \/><\/p>\n<p><a class=\"button\" href=\"https:\/\/hansaviertel.berlin\/wp-content\/uploads\/2024\/06\/Gedenkbuch-Hansaviertel_240619.pdf\" target=\"_blank\" rel=\"noopener\">Download list (PDF)<\/a><\/p>\n","protected":false},"excerpt":{"rendered":"<h6>Living together and expulsion<\/h6>\n<p>In the 1920s, the proportion of Jewish inhabitants in the Hansa quarter was almost twice as high as the Berlin average. The names of 1030 persecuted and deported Jewish neighbours have been collected at the Hansaplatz underground station in memory of them.<\/p>\n","protected":false},"author":2,"featured_media":7916,"parent":5433,"menu_order":0,"comment_status":"closed","ping_status":"closed","template":"","meta":{"_genesis_hide_title":false,"_genesis_hide_breadcrumbs":false,"_genesis_hide_singular_image":false,"_genesis_hide_footer_widgets":false,"_genesis_custom_body_class":"","_genesis_custom_post_class":"","_genesis_layout":"","footnotes":""},"class_list":{"0":"post-5522","1":"page","2":"type-page","3":"status-publish","4":"has-post-thumbnail","6":"entry"},"_links":{"self":[{"href":"https:\/\/hansaviertel.berlin\/en\/wp-json\/wp\/v2\/pages\/5522","targetHints":{"allow":["GET"]}}],"collection":[{"href":"https:\/\/hansaviertel.berlin\/en\/wp-json\/wp\/v2\/pages"}],"about":[{"href":"https:\/\/hansaviertel.berlin\/en\/wp-json\/wp\/v2\/types\/page"}],"author":[{"embeddable":true,"href":"https:\/\/hansaviertel.berlin\/en\/wp-json\/wp\/v2\/users\/2"}],"replies":[{"embeddable":true,"href":"https:\/\/hansaviertel.berlin\/en\/wp-json\/wp\/v2\/comments?post=5522"}],"version-history":[{"count":12,"href":"https:\/\/hansaviertel.berlin\/en\/wp-json\/wp\/v2\/pages\/5522\/revisions"}],"predecessor-version":[{"id":9839,"href":"https:\/\/hansaviertel.berlin\/en\/wp-json\/wp\/v2\/pages\/5522\/revisions\/9839"}],"up":[{"embeddable":true,"href":"https:\/\/hansaviertel.berlin\/en\/wp-json\/wp\/v2\/pages\/5433"}],"wp:featuredmedia":[{"embeddable":true,"href":"https:\/\/hansaviertel.berlin\/en\/wp-json\/wp\/v2\/media\/7916"}],"wp:attachment":[{"href":"https:\/\/hansaviertel.berlin\/en\/wp-json\/wp\/v2\/media?parent=5522"}],"curies":[{"name":"wp","href":"https:\/\/api.w.org\/{rel}","templated":true}]}}