{"id":5521,"date":"2018-07-02T10:47:13","date_gmt":"2018-07-02T10:47:13","guid":{"rendered":"https:\/\/hansaviertel.berlin\/?page_id=5521"},"modified":"2019-03-29T12:08:41","modified_gmt":"2019-03-29T12:08:41","slug":"geschichte-bis-1933","status":"publish","type":"page","link":"https:\/\/hansaviertel.berlin\/en\/geschichte\/geschichte-bis-1933\/","title":{"rendered":"History until 1933"},"content":{"rendered":"<h4>From the \u201cSch\u00f6neberger Wiesen\u201d to grand residential neighborhood<\/h4>\n<p>By choosing the Hansaviertel as the show ground for the Interbau building exhibition, the West Berlin Senate chose an area that had developed architecturally in a way that was typical for Berlin. At the end of the 18th century the \u201cSch\u00f6neberger Wiesen\u201d was still an undeveloped floodplain, but the quarter quickly grew into an urban residential area in the 19th century. As a result of industrialization and urbanization, Berlin\u2019s population grew rapidly: in 1824 the city still had 220,000 inhabitants, by 1875 almost one million and by the end of the 19th century 2.7 million. The resulting housing shortage was countered by the construction of apartment buildings, initially consisting of a front building with side wings plus a rear building, and divided into apartments, as recommended in the planning design book by the master builder Gustav Assmann in 1862. <span class=\"tooltips \" style=\"\" title=\"Gustav Assmann: Grundrisse f\u00fcr st\u00e4dtische Wohngeb\u00e4ude mit R\u00fccksicht auf die f\u00fcr Berlin geltende Bauordnung, Berlin 1862, (Floor plans for municipal residential buildings with regard to the building regulations applicable to Berlin), siehe dazu Johannes Friedrich Geist\/ Klaus K\u00fcrvers: Das Berliner Mietshaus 1862\u20131945, M\u00fcnchen 1984, S.\"><a id=\"fn_geschichte_01\" href=\"https:\/\/hansaviertel.berlin\/en\/literaturverzeichnis\/#fn_geschichte_01\">(1)<\/a><\/span> Assmann did not foresee the densification of the buildings that would result from the housing shortage and land speculation. For workers and low-income earners, rear buildings with up to seven courtyards were\u00a0strung together. Dark, small and poorly ventilated apartments were built, which were extremely overcrowded. These so-called tenement houses became the enemy of architects and urban planners from the very beginning, especially from the first decade of the 20th century.<\/p>\n<div class=\"hv-picture-block\">\n<div class=\"hv-picture-row\">\n<div class=\"one-half first\">\n<figure id=\"attachment_2633\" aria-describedby=\"caption-attachment-2633\" style=\"width: 401px\" class=\"wp-caption alignnone\"><a href=\"https:\/\/hansaviertel.berlin\/wp-content\/uploads\/2018\/08\/020__altes_hansav_00_IMG_\u00a9Janiczewski.jpg\"><img loading=\"lazy\" decoding=\"async\" class=\"wp-image-2633 size-hv24h\" src=\"https:\/\/hansaviertel.berlin\/wp-content\/uploads\/2018\/08\/020__altes_hansav_00_IMG_\u00a9Janiczewski-401x260.jpg\" alt=\"\" width=\"401\" height=\"260\" \/><\/a><figcaption id=\"caption-attachment-2633\" class=\"wp-caption-text\">Plan of the northwestern Tiergarten, by F.G. Hauchecorne, 1792 <span class=\"engdesc\">Der Tiergarten mit Bellevue, Tiergartenm\u00fchle und Kattunfabrik (nach dem Plan von F. G. Hauchecorne von 1792)<\/p>\n<p>Landesarchiv Berlin<\/span><\/figcaption><\/figure>\n<\/div>\n<div class=\"one-half\">\n<figure id=\"attachment_2635\" aria-describedby=\"caption-attachment-2635\" style=\"width: 401px\" class=\"wp-caption alignnone\"><a href=\"https:\/\/hansaviertel.berlin\/wp-content\/uploads\/2018\/08\/020__altes_hansav_01_IMG_\u00a9Janiczewski.jpg\"><img loading=\"lazy\" decoding=\"async\" class=\"wp-image-2635 size-hv24h\" src=\"https:\/\/hansaviertel.berlin\/wp-content\/uploads\/2018\/08\/020__altes_hansav_01_IMG_\u00a9Janiczewski-401x260.jpg\" alt=\"\" width=\"401\" height=\"260\" \/><\/a><figcaption id=\"caption-attachment-2635\" class=\"wp-caption-text\">Plan of the Sch\u00f6neberger Wiesen in northwest Tiergarten, development plan of the surroundings of Berlin, Department V Charlottenburg, 1862 <span class=\"engdesc\">Bebauungsplan der Umgebungen Berlins, Abteilung V. Charlottenburg. Genehmigt durch Allerh\u00f6chste Cabinetts Ordre vom 26. July 1862<br \/>Landesarchiv Berlin <\/span><\/figcaption><\/figure>\n<\/div>\n<\/div>\n<div class=\"hv-picture-row\">\n<div class=\"one-half first\">\n<figure id=\"attachment_2636\" aria-describedby=\"caption-attachment-2636\" style=\"width: 401px\" class=\"wp-caption alignnone\"><a href=\"https:\/\/hansaviertel.berlin\/wp-content\/uploads\/2018\/08\/020__altes_hansav_02_IMG_\u00a9Janiczewski.jpg\"><img loading=\"lazy\" decoding=\"async\" class=\"wp-image-2636 size-hv24h\" src=\"https:\/\/hansaviertel.berlin\/wp-content\/uploads\/2018\/08\/020__altes_hansav_02_IMG_\u00a9Janiczewski-401x260.jpg\" alt=\"\" width=\"401\" height=\"260\" \/><\/a><figcaption id=\"caption-attachment-2636\" class=\"wp-caption-text\">Plan 1879 <span class=\"engdesc\"> Bebauungsplan der Umgebung Berlins, Abteilung V. Charlottenburg. Genehmigt duch Allerh\u00f6chste Cabinets Ordre vom 26. July 1862, fortgeschrieben um die in der Ordre vom 21.03.1874 festgelegten Stra\u00dfen und mit den in der Ordre vom 30.April.1879 festgelegten Stra\u00dfennamen<br \/>Landesarchiv Berlin<\/span><\/figcaption><\/figure>\n<\/div>\n<div class=\"one-half\">\n<figure id=\"attachment_2637\" aria-describedby=\"caption-attachment-2637\" style=\"width: 401px\" class=\"wp-caption alignnone\"><a href=\"https:\/\/hansaviertel.berlin\/wp-content\/uploads\/2018\/08\/020__altes_hansav_03_IMG_SaWaCo_\u00a9Landesdenkmalamt.jpg\"><img loading=\"lazy\" decoding=\"async\" class=\"wp-image-2637 size-hv24h\" src=\"https:\/\/hansaviertel.berlin\/wp-content\/uploads\/2018\/08\/020__altes_hansav_03_IMG_SaWaCo_\u00a9Landesdenkmalamt-401x260.jpg\" alt=\"\" width=\"401\" height=\"260\" \/><\/a><figcaption id=\"caption-attachment-2637\" class=\"wp-caption-text\">Plan 1908\u201310 <span class=\"engdesc\">Jul. Straube \u00dcbersichtsplan Berlin, berichtigt 1908-10, aus: Denkmaltopographie Bundesrepublik Deutschland, Denkmale in Berlin, Bezirk Mitte Ortsteile Moabit, Hansaviertel und Tiergarten, Petersberg 2005<br \/>Landesdenkmalamt Berlin <\/span><\/figcaption><\/figure>\n<\/div>\n<\/div>\n<p>Parallel to the densely populated working-class districts, forms of housing also developed for the better-off sections of the population. Spurred by the rising prosperity of large parts of the middle classes, new villa colonies grew on the outskirts of large cities. In Grunewald and Lichterfelde, and from the 1890s in Berlin-Dahlem, areas with detached, generously proportioned residential buildings emerged. On the other hand, inner-city residential areas were also developed for wealthy citizens. The Hansaviertel was also gripped by this bourgeois building boom. After the foundation of the Reich in 1874, the Berlin-Hamburger Immobilien-Gesellschaft began to develop the area and drew up a development plan confirmed by a Royal Order of 21 March 1874. This order is regarded as the founding document of the Hansaviertel. <span class=\"tooltips \" style=\"\" title=\"On the history of the Hansaviertel in the imperial era, see Bertram Janiszewski: Das alte Hansa-Viertel in Berlin. Gestalt und Menschen, Berlin 2000, new edition 2009, here p. 31ff\"><a id=\"fn_geschichte_02\" href=\"https:\/\/hansaviertel.berlin\/en\/literaturverzeichnis\/#fn_geschichte_02\">(2)<\/a><\/span> This plan already allows for the intersection of three main streets in a star-shaped square, which was named \u201cHansaplatz\u201d in 1879 in memory of the Berlin-Hamburger Immobilien-Gesellschaft and Berlin\u2019s Hanseatic tradition. In the following years, the entire residential district was recorded as \u201cHansaplatz-Bezirk Nr. 211\u201d <span class=\"tooltips \" style=\"\" title=\"Communal Gazette of 7 September 1879 No. 36, quoted after Janiszewski, 2000, p. 33\"><a href=\"https:\/\/hansaviertel.berlin\/en\/literaturverzeichnis\/#fn_geschichte_03\">(3)<\/a><\/span> and eventually as \u201cHansaviertel\u201d.<\/p>\n<div class=\"hv-picture-row\">\n<div class=\"one-half first\">\n<figure id=\"attachment_2489\" aria-describedby=\"caption-attachment-2489\" style=\"width: 401px\" class=\"wp-caption alignnone\"><a href=\"https:\/\/hansaviertel.berlin\/wp-content\/uploads\/2018\/08\/020a__altes_hansav_04_IMG_-\u00a9LAB.jpg\"><img loading=\"lazy\" decoding=\"async\" class=\"wp-image-2489 size-hv24h\" src=\"https:\/\/hansaviertel.berlin\/wp-content\/uploads\/2018\/08\/020a__altes_hansav_04_IMG_-\u00a9LAB-401x260.jpg\" alt=\"\" width=\"401\" height=\"260\" \/><\/a><figcaption id=\"caption-attachment-2489\" class=\"wp-caption-text\">The Hansaviertel before 1943 with the central square Hansaplatz\u00a0 <span class=\"engdesc\">\u00a9 Landesarchiv Berlin<\/span><\/figcaption><\/figure>\n<\/div>\n<div class=\"one-half\">\n<figure id=\"attachment_2008\" aria-describedby=\"caption-attachment-2008\" style=\"width: 401px\" class=\"wp-caption alignnone\"><a href=\"https:\/\/hansaviertel.berlin\/wp-content\/uploads\/2018\/08\/0009_Altes_HV_110.jpg\"><img loading=\"lazy\" decoding=\"async\" class=\"wp-image-2008 size-hv24h\" src=\"https:\/\/hansaviertel.berlin\/wp-content\/uploads\/2018\/08\/0009_Altes_HV_110-401x260.jpg\" alt=\"\" width=\"401\" height=\"260\" \/><\/a><figcaption id=\"caption-attachment-2008\" class=\"wp-caption-text\">The Hansaviertel between Spreebogen and Bellevue (around 1920) <span class=\"engdesc\">\u00a9 Landesarchiv Berlin<\/span><\/figcaption><\/figure>\n<\/div>\n<\/div>\n<p>The city railway built between 1877 and 1882 connected the quarter to the city center and divided it into a north-eastern and a south-western area. Many prominent architects in Berlin \u2013 among them the builder of the Wertheim department store (1896\u20131906) Alfred Messel and the court architect Ernst von Ihne, who had also built the Bode Museum (1897\u20131904) and the State Library (1908\u20131914) <span class=\"tooltips \" style=\"\" title=\"Cf. Janiszewski, 2000, pp. 38-40\"><a id=\"fn_geschichte_04\" href=\"https:\/\/hansaviertel.berlin\/en\/literaturverzeichnis\/#fn_geschichte_04\">(4)<\/a><\/span> \u2013 built prestigious, adjoining residential buildings with small front gardens along the roadsides on long and narrow parcels of land. They were typically divided by front and rear buildings with inner courtyards. Some shops also moved into the lower ground floor of the residential buildings. The front buildings, which were limited by the Royal Order of 1874 to one ground floor and two upper floors only, were vividly designed with bay windows, turrets, gables and balconies and formed an imposing street scene.<\/p>\n<p>Elaborately composed facades in the historicist and eclectic styles showed a combination of historical stylistic renderings such as columns, cornices and friezes, some of which were also joined together with timber framing. The neo-baroque and neo-renaissance fa\u00e7ades were also designed to satisfy the residents\u2019 need for prestige and their sense of standing. The residential development was clearly demarcated from the adjacent Tiergarten, which was only used for leisure activities. The development of the Hansaviertel was largely completed in the 1890s. In 1895 the Kaiser-Friedrich-Ged\u00e4chtniskirche was consecrated as a votive church for Friedrich III, who died in 1888. In 1926, a carriage house on the property at Altonaer Stra\u00dfe 22 was converted into a chapel for the Catholic community and dedicated to Saint Ansgar. <span class=\"tooltips \" style=\"\" title=\"Janiszewski, 2000, p. 77\"><a id=\"fn_geschichte_05\" href=\"https:\/\/hansaviertel.berlin\/en\/literaturverzeichnis#fn_geschichte_05\">(5)<\/a><\/span><\/p>\n<div class=\"hv-picture-row\">\n<div class=\"one-half first\">\n<figure id=\"attachment_2012\" aria-describedby=\"caption-attachment-2012\" style=\"width: 401px\" class=\"wp-caption alignnone\"><a href=\"https:\/\/hansaviertel.berlin\/wp-content\/uploads\/2018\/08\/0006_Altes_HV_104.jpg\"><img loading=\"lazy\" decoding=\"async\" class=\"wp-image-2012 size-hv24h\" src=\"https:\/\/hansaviertel.berlin\/wp-content\/uploads\/2018\/08\/0006_Altes_HV_104-401x260.jpg\" alt=\"\" width=\"401\" height=\"260\" \/><\/a><figcaption id=\"caption-attachment-2012\" class=\"wp-caption-text\">Residential building Br\u00fcckenallee 1 (Villa Augusta). Today, the Academy of Arts is located near to where these properties once stood.<span class=\"engdesc\">\u00a9 Landesarchiv Berlin <\/span><\/figcaption><\/figure>\n<\/div>\n<div class=\"one-half\">\n<figure id=\"attachment_2005\" aria-describedby=\"caption-attachment-2005\" style=\"width: 401px\" class=\"wp-caption alignnone\"><a href=\"https:\/\/hansaviertel.berlin\/wp-content\/uploads\/2018\/08\/0013_Altes_HV_92.jpg\"><img loading=\"lazy\" decoding=\"async\" class=\"wp-image-2005 size-hv24h\" src=\"https:\/\/hansaviertel.berlin\/wp-content\/uploads\/2018\/08\/0013_Altes_HV_92-401x260.jpg\" alt=\"\" width=\"401\" height=\"260\" \/><\/a><figcaption id=\"caption-attachment-2005\" class=\"wp-caption-text\">Residential building Altonaer Stra\u00dfe 22: behind the residential building was the Court Church St. Ansgar.<span class=\"engdesc\">Archiv Kirche St. Ansgar<\/span><\/figcaption><\/figure>\n<\/div>\n<\/div>\n<p>An example of bourgeois living was demonstrated in the residential building at Klopstockstra\u00dfe 22, where two nine-room apartments were located in the front building, each of which extended via a side wing into the intermediate building and to the second inner courtyard. Accessible from the middle of the front building, the grand boudoir, living room and salon were behind the elaborately designed fa\u00e7ade and looked on to the street. The smaller rooms for supplies and personnel, on the other hand, were located at the back of the apartment. Each apartment had a so-called \u201cBerliner Zimmer\u201d (\u201cBerlin Room\u201d), which was relatively large, but had only one window to the inner courtyard and was therefore often stuffy and dark. These rooms were mostly used as passage rooms or dining rooms. In addition, the apartments had the typical long, interior dark hallway. In the back building of the second garden courtyard there were two five-room apartments for those with more modest pretensions. As in the tenements, the further back the apartment was, the less comfortable it was to live in.<\/p>\n<div class=\"hv-picture-row\">\n<div class=\"one-half first\">\n<figure id=\"attachment_1950\" aria-describedby=\"caption-attachment-1950\" style=\"width: 401px\" class=\"wp-caption alignnone\"><a href=\"https:\/\/hansaviertel.berlin\/wp-content\/uploads\/2018\/08\/0021_Altes_HV_68.jpg\"><img loading=\"lazy\" decoding=\"async\" class=\"wp-image-1950 size-hv24h\" src=\"https:\/\/hansaviertel.berlin\/wp-content\/uploads\/2018\/08\/0021_Altes_HV_68-401x260.jpg\" alt=\"\" width=\"401\" height=\"260\" \/><\/a><figcaption id=\"caption-attachment-1950\" class=\"wp-caption-text\">Neo-baroque frontage of the residential building Klopstockstra\u00dfe 22 <span class=\"engdesc\">Front view. Former location between the present houses Bartningallee 7 and 9 Broek\/Bakema and Hassenpflug.<br \/>Staatliche Museen zu Berlin \u2013 Kunstbibliothek <\/span><\/figcaption><\/figure>\n<\/div>\n<div class=\"one-half\">\n<figure id=\"attachment_2620\" aria-describedby=\"caption-attachment-2620\" style=\"width: 401px\" class=\"wp-caption alignnone\"><a href=\"https:\/\/hansaviertel.berlin\/wp-content\/uploads\/2018\/08\/020a__altes_hansav_06_FP_\u00a9Janiczewski.jpg\"><img loading=\"lazy\" decoding=\"async\" class=\"wp-image-2620 size-hv24h\" src=\"https:\/\/hansaviertel.berlin\/wp-content\/uploads\/2018\/08\/020a__altes_hansav_06_FP_\u00a9Janiczewski-401x260.jpg\" alt=\"\" width=\"401\" height=\"260\" \/><\/a><figcaption id=\"caption-attachment-2620\" class=\"wp-caption-text\">Floor plan Klopstockstra\u00dfe 22: Nine-room apartment in the front building (left), in the side wings and partly in the intermediate building. Smaller apartments in the back building <span class=\"engdesc\">Staatliche Museen zu Berlin \u2013 Kunstbibliothek<\/span><\/figcaption><\/figure>\n<\/div>\n<\/div>\n<div class=\"imgframe\"><\/div>\n<h4>Residents in the Hansaviertel<\/h4>\n<p>During the imperial era and the Weimar Republic, the Hansaviertel was one of the \u201cresidential areas of discerning people\u201d. <span class=\"tooltips \" style=\"\" title=\"Berlin edition of Baedeker from 1921, quoted after Harald Bodenschatz, Platz frei f\u00fcr das neue Berlin, Berlin 1987, p. 164\"><a id=\"fn_geschichte_06\" href=\"https:\/\/hansaviertel.berlin\/en\/literaturverzeichnis#fn_geschichte_06\">(6)<\/a><\/span> Among those who settled here were merchants, bankers and other wealthy citizens, as well as civil servants and artists who turned the attics into studios. Among the most famous inhabitants of the old Hansaviertel were the painter Lovis Corinth (1858\u20131925) and the graphic artist Hermann Struck (1876\u20131944), the lyric poet Nelly Sachs (1891\u20131970) and the poet Else Lasker-Sch\u00fcler (1869\u20131945), the builder of the Berlin cathedral Julius Raschdorff (1823\u20131914), the banker K. v.d. Heydt and K. L\u00e4ndsberg and for a short time Rosa Luxemburg (1870\u20131919) and her secretary Mathilde Jacob (1873\u20131943). <span class=\"tooltips \" style=\"\" title=\"Janiszewski, 2000, p. 81ff\"><a id=\"fn_geschichte_07\" href=\"https:\/\/hansaviertel.berlin\/en\/literaturverzeichnis#fn_geschichte_07\">(7)<\/a><\/span><\/p>\n<p><a class=\"button\" href=\"https:\/\/hansaviertel.berlin\/geschichte\/prominente-anwohner\/\">See also: Prominent residents<\/a><\/p>\n<p>The proportion of Jewish inhabitants was remarkably high. In the twenties it amounted to 8 %, almost double the Jewish proportion of the total population of Berlin. About 10 % of the houses in the Hansaviertel were Jewish property. Two synagogues were built, located on the corner of Lessing\/Flensburger Stra\u00dfe and on the bank of the Spree in Siegmunds Hof. Another synagogue within easy reach on Levetzowstra\u00dfe was frequented by large numbers of Jews from the Hansaviertel district. <span class=\"tooltips \" style=\"\" title=\"ibid.\"> <a id=\"fn_geschichte_08\" href=\"https:\/\/hansaviertel.berlin\/en\/literaturverzeichnis#fn_geschichte_08\">(8)<\/a><\/span><\/p>\n<p><a class=\"button\" href=\"https:\/\/hansaviertel.berlin\/geschichte\/prominente-anwohner\/\">See also: Jewish neighbours<\/a><\/p>\n<hr class=\"hv-schmucklinie small-margin\" \/>\n<p>Dr. Sandra Wagner-Conzelmann<\/p>\n<\/div>\n<p><a class=\"button\" href=\"https:\/\/hansaviertel.berlin\/en\/geschichte\/jahre-1933-1945\/\">&gt;\u00a0 The years 1933\u20131945<\/a><\/p>\n","protected":false},"excerpt":{"rendered":"<h6>Development, Settlement<\/h6>\n<p>Until the end of the 18th century, the Sch\u00f6neberger Wiesen were still undeveloped floodplains. At the end of the 19th century, the district quickly became a sought-after urban residential area.<\/p>\n","protected":false},"author":2,"featured_media":7810,"parent":5433,"menu_order":0,"comment_status":"closed","ping_status":"closed","template":"","meta":{"_genesis_hide_title":false,"_genesis_hide_breadcrumbs":false,"_genesis_hide_singular_image":false,"_genesis_hide_footer_widgets":false,"_genesis_custom_body_class":"","_genesis_custom_post_class":"","_genesis_layout":"","footnotes":""},"class_list":{"0":"post-5521","1":"page","2":"type-page","3":"status-publish","4":"has-post-thumbnail","6":"entry"},"_links":{"self":[{"href":"https:\/\/hansaviertel.berlin\/en\/wp-json\/wp\/v2\/pages\/5521","targetHints":{"allow":["GET"]}}],"collection":[{"href":"https:\/\/hansaviertel.berlin\/en\/wp-json\/wp\/v2\/pages"}],"about":[{"href":"https:\/\/hansaviertel.berlin\/en\/wp-json\/wp\/v2\/types\/page"}],"author":[{"embeddable":true,"href":"https:\/\/hansaviertel.berlin\/en\/wp-json\/wp\/v2\/users\/2"}],"replies":[{"embeddable":true,"href":"https:\/\/hansaviertel.berlin\/en\/wp-json\/wp\/v2\/comments?post=5521"}],"version-history":[{"count":27,"href":"https:\/\/hansaviertel.berlin\/en\/wp-json\/wp\/v2\/pages\/5521\/revisions"}],"predecessor-version":[{"id":8561,"href":"https:\/\/hansaviertel.berlin\/en\/wp-json\/wp\/v2\/pages\/5521\/revisions\/8561"}],"up":[{"embeddable":true,"href":"https:\/\/hansaviertel.berlin\/en\/wp-json\/wp\/v2\/pages\/5433"}],"wp:featuredmedia":[{"embeddable":true,"href":"https:\/\/hansaviertel.berlin\/en\/wp-json\/wp\/v2\/media\/7810"}],"wp:attachment":[{"href":"https:\/\/hansaviertel.berlin\/en\/wp-json\/wp\/v2\/media?parent=5521"}],"curies":[{"name":"wp","href":"https:\/\/api.w.org\/{rel}","templated":true}]}}